{"id":10390,"date":"2023-01-25T12:22:00","date_gmt":"2023-01-25T12:22:00","guid":{"rendered":"https:\/\/laimincom.ee\/toode\/one-section-table-top-bh-with-back-part-a4\/"},"modified":"2024-01-18T09:36:36","modified_gmt":"2024-01-18T09:36:36","slug":"one-section-table-top-bh-with-back-part-a4","status":"publish","type":"product","link":"https:\/\/laimincom.ee\/et\/toode\/one-section-table-top-bh-with-back-part-a4\/","title":{"rendered":"K\u00f5rge tagusega bro\u0161\u00fc\u00fcrihoidja lauale, A4"},"content":{"rendered":"<p>0<\/p>","protected":false},"excerpt":{"rendered":"<p>Hoidja sobib reklaami ja infomaterjalide n\u00e4htaval hoidmiseks.. Hoidikusse sobivad A6 v\u00f5i C6 (A4 kaks korda pooleks volditult) m\u00f5\u00f5dus lehed.\n\nSuurused: A4, A5, A6<\/p>","protected":false},"featured_media":1511,"template":"","meta":{"om_disable_all_campaigns":false,"inline_featured_image":false},"product_cat":[72],"product_tag":[],"class_list":{"0":"post-10390","1":"product","2":"type-product","3":"status-publish","4":"has-post-thumbnail","6":"product_cat-for-tabel","7":"pa_paper-size-a4","10":"first","11":"onbackorder","12":"taxable","13":"shipping-taxable","14":"purchasable","15":"product-type-simple"},"_links":{"self":[{"href":"https:\/\/laimincom.ee\/et\/wp-json\/wp\/v2\/product\/10390","targetHints":{"allow":["GET"]}}],"collection":[{"href":"https:\/\/laimincom.ee\/et\/wp-json\/wp\/v2\/product"}],"about":[{"href":"https:\/\/laimincom.ee\/et\/wp-json\/wp\/v2\/types\/product"}],"wp:featuredmedia":[{"embeddable":true,"href":"https:\/\/laimincom.ee\/et\/wp-json\/wp\/v2\/media\/1511"}],"wp:attachment":[{"href":"https:\/\/laimincom.ee\/et\/wp-json\/wp\/v2\/media?parent=10390"}],"wp:term":[{"taxonomy":"product_cat","embeddable":true,"href":"https:\/\/laimincom.ee\/et\/wp-json\/wp\/v2\/product_cat?post=10390"},{"taxonomy":"product_tag","embeddable":true,"href":"https:\/\/laimincom.ee\/et\/wp-json\/wp\/v2\/product_tag?post=10390"}],"curies":[{"name":"wp","href":"https:\/\/api.w.org\/{rel}","templated":true}]}}