{"id":10387,"date":"2023-01-25T12:21:59","date_gmt":"2023-01-25T12:21:59","guid":{"rendered":"https:\/\/laimincom.ee\/toode\/one-section-multipurpose-brochure-holder-a4\/"},"modified":"2024-09-19T06:04:56","modified_gmt":"2024-09-19T06:04:56","slug":"one-section-multipurpose-brochure-holder-a4","status":"publish","type":"product","link":"https:\/\/laimincom.ee\/et\/toode\/one-section-multipurpose-brochure-holder-a4\/","title":{"rendered":"Bro\u0161\u00fc\u00fcrihoidja lauale\/seinale, A4"},"content":{"rendered":"<p>Hoidikul on tagumisel k\u00fcljel kruviaugud seina peale kinnitamiseks. Laual kasutamiseks eraldi spetsiaalne tugijalg.<\/p>","protected":false},"excerpt":{"rendered":"<p>Sobib reklaami ja infomaterjalide n\u00e4htaval hoidmiseks. Hoidikusse sobivad A4 v\u00f5i C4 m\u00f5\u00f5dus lehed. \nSuurused: A4, A5, A6<\/p>","protected":false},"featured_media":1544,"template":"","meta":{"om_disable_all_campaigns":false,"inline_featured_image":false},"product_cat":[72,73],"product_tag":[],"class_list":{"0":"post-10387","1":"product","2":"type-product","3":"status-publish","4":"has-post-thumbnail","6":"product_cat-for-tabel","7":"product_cat-for-wall","8":"pa_paper-size-a4","11":"first","12":"instock","13":"taxable","14":"shipping-taxable","15":"purchasable","16":"product-type-simple"},"_links":{"self":[{"href":"https:\/\/laimincom.ee\/et\/wp-json\/wp\/v2\/product\/10387","targetHints":{"allow":["GET"]}}],"collection":[{"href":"https:\/\/laimincom.ee\/et\/wp-json\/wp\/v2\/product"}],"about":[{"href":"https:\/\/laimincom.ee\/et\/wp-json\/wp\/v2\/types\/product"}],"wp:featuredmedia":[{"embeddable":true,"href":"https:\/\/laimincom.ee\/et\/wp-json\/wp\/v2\/media\/1544"}],"wp:attachment":[{"href":"https:\/\/laimincom.ee\/et\/wp-json\/wp\/v2\/media?parent=10387"}],"wp:term":[{"taxonomy":"product_cat","embeddable":true,"href":"https:\/\/laimincom.ee\/et\/wp-json\/wp\/v2\/product_cat?post=10387"},{"taxonomy":"product_tag","embeddable":true,"href":"https:\/\/laimincom.ee\/et\/wp-json\/wp\/v2\/product_tag?post=10387"}],"curies":[{"name":"wp","href":"https:\/\/api.w.org\/{rel}","templated":true}]}}