{"id":10378,"date":"2023-01-25T12:21:58","date_gmt":"2023-01-25T12:21:58","guid":{"rendered":"https:\/\/laimincom.ee\/toode\/mini-multi-stand-a4-snap-frame-a4\/"},"modified":"2023-02-20T09:50:33","modified_gmt":"2023-02-20T09:50:33","slug":"mini-multi-stand-a4-snap-frame-a4","status":"publish","type":"product","link":"https:\/\/laimincom.ee\/et\/toode\/mini-multi-stand-a4-snap-frame-a4\/","title":{"rendered":"Reklaamalus serverimislauaga"},"content":{"rendered":"<p><strong>Ei sisalda desinfitseerimisvahendit.<\/strong><\/p>","protected":false},"excerpt":{"rendered":"<p>\u00dchepoolne infostend 25 mm alumiiniumist kinnitusraamiga A4 v\u00f5i A3 plakati jaoks ja \u00fcmmargune serveerimise laud \u00d8 25 cm. \n\nAlus sobib h\u00e4sti desinfitseerimisvahendi jaoks. Kasutamiseks siseruumides.<\/p>","protected":false},"featured_media":4208,"template":"","meta":{"om_disable_all_campaigns":false,"inline_featured_image":false},"product_cat":[202],"product_tag":[],"class_list":{"0":"post-10378","1":"product","2":"type-product","3":"status-publish","4":"has-post-thumbnail","6":"product_cat-what-has-been-done","7":"pa_paper-size-a4","10":"first","11":"instock","12":"taxable","13":"shipping-taxable","14":"purchasable","15":"product-type-simple"},"_links":{"self":[{"href":"https:\/\/laimincom.ee\/et\/wp-json\/wp\/v2\/product\/10378","targetHints":{"allow":["GET"]}}],"collection":[{"href":"https:\/\/laimincom.ee\/et\/wp-json\/wp\/v2\/product"}],"about":[{"href":"https:\/\/laimincom.ee\/et\/wp-json\/wp\/v2\/types\/product"}],"wp:featuredmedia":[{"embeddable":true,"href":"https:\/\/laimincom.ee\/et\/wp-json\/wp\/v2\/media\/4208"}],"wp:attachment":[{"href":"https:\/\/laimincom.ee\/et\/wp-json\/wp\/v2\/media?parent=10378"}],"wp:term":[{"taxonomy":"product_cat","embeddable":true,"href":"https:\/\/laimincom.ee\/et\/wp-json\/wp\/v2\/product_cat?post=10378"},{"taxonomy":"product_tag","embeddable":true,"href":"https:\/\/laimincom.ee\/et\/wp-json\/wp\/v2\/product_tag?post=10378"}],"curies":[{"name":"wp","href":"https:\/\/api.w.org\/{rel}","templated":true}]}}