{"id":10366,"date":"2023-01-25T12:21:57","date_gmt":"2023-01-25T12:21:57","guid":{"rendered":"https:\/\/laimincom.ee\/toode\/mag-sign-profile-1500-mm-grey\/"},"modified":"2023-02-03T08:58:20","modified_gmt":"2023-02-03T08:58:20","slug":"mag-sign-profile-1500-mm-grey","status":"publish","type":"product","link":"https:\/\/laimincom.ee\/et\/toode\/mag-sign-profile-1500-mm-grey\/","title":{"rendered":"MAG-Sign profiil 1,5 m"},"content":{"rendered":"<p>Standardprofiilile sobivad\u00a0<strong>A6, A5, A4, A3 ja A2 <a href=\"https:\/\/laimincom.ee\/et\/toode\/pockets\/\" target=\"_blank\" rel=\"noopener noreferrer\">taskud<\/a><\/strong>. Muud suurused eritellimisel. Taskutest on lihtne tr\u00fckist eemaldada, ilma et peaksite taskut profiili k\u00fcljest eemaldama.<\/p>\n<p class=\" translation-block\">Standardv\u00e4rv on alumiinium, kuid profiili on v\u00f5imalik vastavalt soovile v\u00e4rvida igas RAL v\u00e4rvis. Uudse lahendusena on v\u00f5imalik profiili katta ka puiduga.<\/p>\n<p>MAG-Sign profiili otsakorki on v\u00f5imalik valida vastavalt soovile kas musta v\u00f5i halli v\u00e4rvi.<\/p>\n<p><iframe title=\"MAG m\u00e4rk\" width=\"640\" height=\"360\" src=\"https:\/\/www.youtube.com\/embed\/7kOhv9ej51o?feature=oembed\" frameborder=\"0\" allow=\"accelerometer; autoplay; clipboard-write; encrypted-media; gyroscope; picture-in-picture; web-share\" referrerpolicy=\"strict-origin-when-cross-origin\" allowfullscreen><\/iframe><\/p>","protected":false},"excerpt":{"rendered":"<p>Alumiiniumprofiil, mis on t\u00f5hus lahendus sooduspakkumiste ja muude poesiseste teadete reklaamimiseks. Profiile on v\u00f5imalik omavahel \u00fchendada ilma pikkusepiiranguta. See tagab paigutuse \u00fchtluse.<\/p>\n<p>Ideaalne asendus tavap\u00e4rasele metallist profiilile ja plastik raamidele, millel viimased kipuvad eba\u00fchtlaselt asetsema, samuti kergesti purunema.<\/p>\n<p>Standardpikkused:\u00a0<strong>2 ja 3 m.<\/strong> Profiili l\u00e4bim\u00f5\u00f5t on ainult 20 mm. Lisaks on profiil v\u00e4ga kerge, mis muudab selle kinnitamise mugavaks ka kergete lagede k\u00fclge.<\/p>\n<p><strong>K\u00fcsi ka paigaldust meilt!<\/strong><\/p>","protected":false},"featured_media":735,"template":"","meta":{"om_disable_all_campaigns":false,"inline_featured_image":false},"product_cat":[99],"product_tag":[],"class_list":{"0":"post-10366","1":"product","2":"type-product","3":"status-publish","4":"has-post-thumbnail","6":"product_cat-profiles","7":"pa_lenght-1500-mm","10":"first","11":"instock","12":"taxable","13":"shipping-taxable","14":"purchasable","15":"product-type-simple"},"_links":{"self":[{"href":"https:\/\/laimincom.ee\/et\/wp-json\/wp\/v2\/product\/10366","targetHints":{"allow":["GET"]}}],"collection":[{"href":"https:\/\/laimincom.ee\/et\/wp-json\/wp\/v2\/product"}],"about":[{"href":"https:\/\/laimincom.ee\/et\/wp-json\/wp\/v2\/types\/product"}],"wp:featuredmedia":[{"embeddable":true,"href":"https:\/\/laimincom.ee\/et\/wp-json\/wp\/v2\/media\/735"}],"wp:attachment":[{"href":"https:\/\/laimincom.ee\/et\/wp-json\/wp\/v2\/media?parent=10366"}],"wp:term":[{"taxonomy":"product_cat","embeddable":true,"href":"https:\/\/laimincom.ee\/et\/wp-json\/wp\/v2\/product_cat?post=10366"},{"taxonomy":"product_tag","embeddable":true,"href":"https:\/\/laimincom.ee\/et\/wp-json\/wp\/v2\/product_tag?post=10366"}],"curies":[{"name":"wp","href":"https:\/\/api.w.org\/{rel}","templated":true}]}}