{"id":10361,"date":"2023-01-25T12:21:56","date_gmt":"2023-01-25T12:21:56","guid":{"rendered":"https:\/\/laimincom.ee\/toode\/l-shape-indoor-stand-telesc-mag-sign-600-mm\/"},"modified":"2024-01-18T09:37:43","modified_gmt":"2024-01-18T09:37:43","slug":"l-shape-indoor-stand-telesc-mag-sign-600-mm","status":"publish","type":"product","link":"https:\/\/laimincom.ee\/et\/toode\/l-shape-indoor-stand-telesc-mag-sign-600-mm\/","title":{"rendered":"L-kujuline hoidik siseting. + MAG-Sign, 600 mm"},"content":{"rendered":"<p>Materjal: pulberv\u00e4rvitud teras. V\u00e4rv: k\u00f5ik RAL v\u00e4rvid. Maksimum k\u00f5rgus 3000 mm ja miinimum k\u00f5rgus 1700 mm. Tugijalal 4 auku, mist\u00f5ttu on v\u00f5imalik kinnitada kogu toode laua\/aluse\/p\u00f5randa k\u00fclge.<\/p>\n<p>Sisetingimustes kasutamiseks. MAG-Sign pikkus 600 v\u00f5i 800 mm, sobib kuni A2 suuruses tasku riputamiseks. Samuti on v\u00f5imalik juurde tellida erinevates suurustes PVC-taskuid reklaamlehtede riputamiseks.<\/p>","protected":false},"excerpt":{"rendered":"<p>L-kujuline MAG-Sign hoidik sobib h\u00e4sti kasutamiseks suurtel eriv\u00e4ljapanekutel, kus soovitakse kuvada informatsiooni suurelt ja kahepoolselt. L-kujulisel MAG-Signil saab reguleerida k\u00f5rgust, mist\u00f5ttu sobib see ideaalselt ka kohta, kus tooted asuvad k\u00f5rgel.<\/p>\n<p>&nbsp;<\/p>","protected":false},"featured_media":1599,"template":"","meta":{"om_disable_all_campaigns":false,"inline_featured_image":false},"product_cat":[158,49],"product_tag":[],"class_list":{"0":"post-10361","1":"product","2":"type-product","3":"status-publish","4":"has-post-thumbnail","6":"product_cat-information-holders-metal-products","7":"product_cat-hanging-accessories","8":"pa_lenght-600-mm","11":"first","12":"onbackorder","13":"taxable","14":"shipping-taxable","15":"purchasable","16":"product-type-simple"},"_links":{"self":[{"href":"https:\/\/laimincom.ee\/et\/wp-json\/wp\/v2\/product\/10361","targetHints":{"allow":["GET"]}}],"collection":[{"href":"https:\/\/laimincom.ee\/et\/wp-json\/wp\/v2\/product"}],"about":[{"href":"https:\/\/laimincom.ee\/et\/wp-json\/wp\/v2\/types\/product"}],"wp:featuredmedia":[{"embeddable":true,"href":"https:\/\/laimincom.ee\/et\/wp-json\/wp\/v2\/media\/1599"}],"wp:attachment":[{"href":"https:\/\/laimincom.ee\/et\/wp-json\/wp\/v2\/media?parent=10361"}],"wp:term":[{"taxonomy":"product_cat","embeddable":true,"href":"https:\/\/laimincom.ee\/et\/wp-json\/wp\/v2\/product_cat?post=10361"},{"taxonomy":"product_tag","embeddable":true,"href":"https:\/\/laimincom.ee\/et\/wp-json\/wp\/v2\/product_tag?post=10361"}],"curies":[{"name":"wp","href":"https:\/\/api.w.org\/{rel}","templated":true}]}}