{"id":10357,"date":"2023-01-25T12:21:56","date_gmt":"2023-01-25T12:21:56","guid":{"rendered":"https:\/\/laimincom.ee\/toode\/long-base-with-large-clasp-pin-50-mm\/"},"modified":"2024-01-18T09:37:43","modified_gmt":"2024-01-18T09:37:43","slug":"long-base-with-large-clasp-pin-50-mm","status":"publish","type":"product","link":"https:\/\/laimincom.ee\/et\/toode\/long-base-with-large-clasp-pin-50-mm\/","title":{"rendered":"Piklikul alusel suure n\u00e4pitsaga sedelihoidik, 50 mm"},"content":{"rendered":"<p>Suur alumine osa on ideaalne kinnitamiseks kuni 32 mm l\u00e4bim\u00f5\u00f5duga torule v\u00f5i postile.<\/p>\n<p>Sildihoidjat saab kallutada soovitud nurga alla. Sedelihoidikut saab kasutada pikendusega 50 mm v\u00f5i 100 mm.<\/p>","protected":false},"excerpt":{"rendered":"<p>Label holder with long base. Total height 71 mm (without extension).<\/p>\n<p>Aluse suurus: pikkus 74 mm, laius 39 mm.<\/p>","protected":false},"featured_media":1125,"template":"","meta":{"om_disable_all_campaigns":false,"inline_featured_image":false},"product_cat":[58],"product_tag":[],"class_list":{"0":"post-10357","1":"product","2":"type-product","3":"status-publish","4":"has-post-thumbnail","6":"product_cat-long-base","7":"pa_extension-50-mm","10":"first","11":"onbackorder","12":"taxable","13":"shipping-taxable","14":"purchasable","15":"product-type-simple"},"_links":{"self":[{"href":"https:\/\/laimincom.ee\/et\/wp-json\/wp\/v2\/product\/10357","targetHints":{"allow":["GET"]}}],"collection":[{"href":"https:\/\/laimincom.ee\/et\/wp-json\/wp\/v2\/product"}],"about":[{"href":"https:\/\/laimincom.ee\/et\/wp-json\/wp\/v2\/types\/product"}],"wp:featuredmedia":[{"embeddable":true,"href":"https:\/\/laimincom.ee\/et\/wp-json\/wp\/v2\/media\/1125"}],"wp:attachment":[{"href":"https:\/\/laimincom.ee\/et\/wp-json\/wp\/v2\/media?parent=10357"}],"wp:term":[{"taxonomy":"product_cat","embeddable":true,"href":"https:\/\/laimincom.ee\/et\/wp-json\/wp\/v2\/product_cat?post=10357"},{"taxonomy":"product_tag","embeddable":true,"href":"https:\/\/laimincom.ee\/et\/wp-json\/wp\/v2\/product_tag?post=10357"}],"curies":[{"name":"wp","href":"https:\/\/api.w.org\/{rel}","templated":true}]}}