{"id":10347,"date":"2023-01-25T12:21:55","date_gmt":"2023-01-25T12:21:55","guid":{"rendered":"https:\/\/laimincom.ee\/?post_type=product&#038;p=10347"},"modified":"2025-11-03T07:00:44","modified_gmt":"2025-11-03T07:00:44","slug":"quick-fix","status":"publish","type":"product","link":"https:\/\/laimincom.ee\/et\/toode\/quick-fix\/","title":{"rendered":"Kiire parandus,"},"content":{"rendered":"<p>Iga profiili sees on plaat, kuhu sisse kruvitakse 1 Quick fix. Quick fix kinnitatakse iga 1 m tagant, paiguta koos plaadiga \u00fchtlaste vahedega, et profiil j\u00e4\u00e4ks horisontaalselt, mitte kaldu ning kannaks v\u00f5rdselt.<\/p>\n<p>Tehniline: Kruvi Quick fix profiili sees oleva plaadi sisse p\u00e4rip\u00e4eva, k\u00e4sitsi. Nii kaua, kui Quick fix on kinnitunud. J\u00e4lgi, et Quick fix oleks plaadi suhtes vertikaalselt. Korda sama ka teiste Quick fix-idega.<\/p>","protected":false},"excerpt":{"rendered":"<p>Reguleeritava k\u00f5rgusega kaabliklamber. Sobib kuni 1 mm kaabli jaoks. V\u00f5imaldab h\u00f5lpsalt reguleerida MAG-Sign profiili k\u00f5rgust. Kaabli reguleerimiseks vajutage lihtsalt nuppu alla ja kui nupu uuesti vabastate, lukustub kaabel uuesti.<\/p>","protected":false},"featured_media":364,"template":"","meta":{"om_disable_all_campaigns":false,"inline_featured_image":false},"product_cat":[91,49],"product_tag":[],"class_list":{"0":"post-10347","1":"product","2":"type-product","3":"status-publish","4":"has-post-thumbnail","6":"product_cat-accessories-mag-sign","7":"product_cat-hanging-accessories","10":"first","11":"instock","12":"taxable","13":"shipping-taxable","14":"purchasable","15":"product-type-simple"},"_links":{"self":[{"href":"https:\/\/laimincom.ee\/et\/wp-json\/wp\/v2\/product\/10347","targetHints":{"allow":["GET"]}}],"collection":[{"href":"https:\/\/laimincom.ee\/et\/wp-json\/wp\/v2\/product"}],"about":[{"href":"https:\/\/laimincom.ee\/et\/wp-json\/wp\/v2\/types\/product"}],"wp:featuredmedia":[{"embeddable":true,"href":"https:\/\/laimincom.ee\/et\/wp-json\/wp\/v2\/media\/364"}],"wp:attachment":[{"href":"https:\/\/laimincom.ee\/et\/wp-json\/wp\/v2\/media?parent=10347"}],"wp:term":[{"taxonomy":"product_cat","embeddable":true,"href":"https:\/\/laimincom.ee\/et\/wp-json\/wp\/v2\/product_cat?post=10347"},{"taxonomy":"product_tag","embeddable":true,"href":"https:\/\/laimincom.ee\/et\/wp-json\/wp\/v2\/product_tag?post=10347"}],"curies":[{"name":"wp","href":"https:\/\/api.w.org\/{rel}","templated":true}]}}