{"id":10341,"date":"2023-01-25T12:21:55","date_gmt":"2023-01-25T12:21:55","guid":{"rendered":"https:\/\/laimincom.ee\/?post_type=product&#038;p=10341"},"modified":"2024-01-08T08:38:51","modified_gmt":"2024-01-08T08:38:51","slug":"corner-mount","status":"publish","type":"product","link":"https:\/\/laimincom.ee\/et\/toode\/corner-mount\/","title":{"rendered":"Corner mount,"},"content":{"rendered":"","protected":false},"excerpt":{"rendered":"<p>Metallist nurgakinnitus, mis sobib h\u00e4sti MAG-Sign profiiliga, et kinnitada profiil ristk\u00fclikukujuliseks v\u00f5i ruudukujuliseks.<\/p>","protected":false},"featured_media":376,"template":"","meta":{"om_disable_all_campaigns":false,"inline_featured_image":false},"product_cat":[91],"product_tag":[],"class_list":{"0":"post-10341","1":"product","2":"type-product","3":"status-publish","4":"has-post-thumbnail","6":"product_cat-accessories-mag-sign","9":"first","10":"onbackorder","11":"taxable","12":"shipping-taxable","13":"purchasable","14":"product-type-simple"},"_links":{"self":[{"href":"https:\/\/laimincom.ee\/et\/wp-json\/wp\/v2\/product\/10341","targetHints":{"allow":["GET"]}}],"collection":[{"href":"https:\/\/laimincom.ee\/et\/wp-json\/wp\/v2\/product"}],"about":[{"href":"https:\/\/laimincom.ee\/et\/wp-json\/wp\/v2\/types\/product"}],"wp:featuredmedia":[{"embeddable":true,"href":"https:\/\/laimincom.ee\/et\/wp-json\/wp\/v2\/media\/376"}],"wp:attachment":[{"href":"https:\/\/laimincom.ee\/et\/wp-json\/wp\/v2\/media?parent=10341"}],"wp:term":[{"taxonomy":"product_cat","embeddable":true,"href":"https:\/\/laimincom.ee\/et\/wp-json\/wp\/v2\/product_cat?post=10341"},{"taxonomy":"product_tag","embeddable":true,"href":"https:\/\/laimincom.ee\/et\/wp-json\/wp\/v2\/product_tag?post=10341"}],"curies":[{"name":"wp","href":"https:\/\/api.w.org\/{rel}","templated":true}]}}