{"id":10340,"date":"2023-01-25T12:21:55","date_gmt":"2023-01-25T12:21:55","guid":{"rendered":"https:\/\/laimincom.ee\/?post_type=product&#038;p=10340"},"modified":"2023-02-20T09:50:51","modified_gmt":"2023-02-20T09:50:51","slug":"connecting-plate","status":"publish","type":"product","link":"https:\/\/laimincom.ee\/et\/toode\/connecting-plate\/","title":{"rendered":"Connecting plate,"},"content":{"rendered":"<p><strong>Connect profiles: <\/strong>side connecting piece halfway into the profile (if the profile has a cap, then remove it first) and connect other profile so that connecting plate is going inside of it<\/p>\n<p>freely. Fix the connecting plate with two screws so the screw will go through the threaded hole on the connecting plate. Use M3 9 mm screws. The profiles should stick firmly, tighten the screws if necessary.<\/p>","protected":false},"excerpt":{"rendered":"<p>Metallist \u00fchendusplaat, keermestatud aukudega, MAG-Signi profiilide omavaheliseks \u00fchendamiseks. Komplektis 2 polti, et neid oleks lihtne kinnitada profiili k\u00fclge.<\/p>","protected":false},"featured_media":351,"template":"","meta":{"om_disable_all_campaigns":false,"inline_featured_image":false},"product_cat":[91],"product_tag":[],"class_list":{"0":"post-10340","1":"product","2":"type-product","3":"status-publish","4":"has-post-thumbnail","6":"product_cat-accessories-mag-sign","9":"first","10":"instock","11":"taxable","12":"shipping-taxable","13":"purchasable","14":"product-type-simple"},"_links":{"self":[{"href":"https:\/\/laimincom.ee\/et\/wp-json\/wp\/v2\/product\/10340","targetHints":{"allow":["GET"]}}],"collection":[{"href":"https:\/\/laimincom.ee\/et\/wp-json\/wp\/v2\/product"}],"about":[{"href":"https:\/\/laimincom.ee\/et\/wp-json\/wp\/v2\/types\/product"}],"wp:featuredmedia":[{"embeddable":true,"href":"https:\/\/laimincom.ee\/et\/wp-json\/wp\/v2\/media\/351"}],"wp:attachment":[{"href":"https:\/\/laimincom.ee\/et\/wp-json\/wp\/v2\/media?parent=10340"}],"wp:term":[{"taxonomy":"product_cat","embeddable":true,"href":"https:\/\/laimincom.ee\/et\/wp-json\/wp\/v2\/product_cat?post=10340"},{"taxonomy":"product_tag","embeddable":true,"href":"https:\/\/laimincom.ee\/et\/wp-json\/wp\/v2\/product_tag?post=10340"}],"curies":[{"name":"wp","href":"https:\/\/api.w.org\/{rel}","templated":true}]}}