{"id":10331,"date":"2023-01-25T12:21:54","date_gmt":"2023-01-25T12:21:54","guid":{"rendered":"https:\/\/laimincom.ee\/toode\/lockable-snap-frame-a1\/"},"modified":"2023-02-20T09:50:43","modified_gmt":"2023-02-20T09:50:43","slug":"lockable-snap-frame-a1","status":"publish","type":"product","link":"https:\/\/laimincom.ee\/et\/toode\/lockable-snap-frame-a1\/","title":{"rendered":"Lukustatav fiksaatorraam, A1"},"content":{"rendered":"<p>Lihtne kasutada ja paigaldada.<\/p>","protected":false},"excerpt":{"rendered":"<p class=\" translation-block\">Anodeeritud reklaamraam - nurgad kokku l\u00f5igatud. Komplekti kuulub kuuskantv\u00f5ti (lukustamiseks), kruvid ja t\u00fc\u00fcblid.<\/p>","protected":false},"featured_media":383,"template":"","meta":{"om_disable_all_campaigns":false,"inline_featured_image":false},"product_cat":[202],"product_tag":[],"class_list":{"0":"post-10331","1":"product","2":"type-product","3":"status-publish","4":"has-post-thumbnail","6":"product_cat-what-has-been-done","7":"pa_paper-size-a1","10":"first","11":"instock","12":"taxable","13":"shipping-taxable","14":"purchasable","15":"product-type-simple"},"_links":{"self":[{"href":"https:\/\/laimincom.ee\/et\/wp-json\/wp\/v2\/product\/10331","targetHints":{"allow":["GET"]}}],"collection":[{"href":"https:\/\/laimincom.ee\/et\/wp-json\/wp\/v2\/product"}],"about":[{"href":"https:\/\/laimincom.ee\/et\/wp-json\/wp\/v2\/types\/product"}],"wp:featuredmedia":[{"embeddable":true,"href":"https:\/\/laimincom.ee\/et\/wp-json\/wp\/v2\/media\/383"}],"wp:attachment":[{"href":"https:\/\/laimincom.ee\/et\/wp-json\/wp\/v2\/media?parent=10331"}],"wp:term":[{"taxonomy":"product_cat","embeddable":true,"href":"https:\/\/laimincom.ee\/et\/wp-json\/wp\/v2\/product_cat?post=10331"},{"taxonomy":"product_tag","embeddable":true,"href":"https:\/\/laimincom.ee\/et\/wp-json\/wp\/v2\/product_tag?post=10331"}],"curies":[{"name":"wp","href":"https:\/\/api.w.org\/{rel}","templated":true}]}}