{"id":10330,"date":"2023-01-25T12:21:54","date_gmt":"2023-01-25T12:21:54","guid":{"rendered":"https:\/\/laimincom.ee\/toode\/lockable-snap-frame-70x100-cm\/"},"modified":"2023-02-17T11:57:25","modified_gmt":"2023-02-17T11:57:25","slug":"lockable-snap-frame-70x100-cm","status":"publish","type":"product","link":"https:\/\/laimincom.ee\/et\/toode\/lockable-snap-frame-70x100-cm\/","title":{"rendered":"Lukustatav kl\u00f5psraam, 70\u00d7100 cm"},"content":{"rendered":"<p>Lihtne kasutada ja paigaldada.<\/p>","protected":false},"excerpt":{"rendered":"<p class=\" translation-block\">Anodeeritud reklaamraam - nurgad kokku l\u00f5igatud. Komplekti kuulub kuuskantv\u00f5ti (lukustamiseks), kruvid ja t\u00fc\u00fcblid.<\/p>","protected":false},"featured_media":383,"template":"","meta":{"om_disable_all_campaigns":false,"inline_featured_image":false},"product_cat":[202],"product_tag":[],"class_list":{"0":"post-10330","1":"product","2":"type-product","3":"status-publish","4":"has-post-thumbnail","6":"product_cat-what-has-been-done","7":"pa_paper-size-70x100-cm","10":"first","11":"instock","12":"taxable","13":"shipping-taxable","14":"purchasable","15":"product-type-simple"},"_links":{"self":[{"href":"https:\/\/laimincom.ee\/et\/wp-json\/wp\/v2\/product\/10330","targetHints":{"allow":["GET"]}}],"collection":[{"href":"https:\/\/laimincom.ee\/et\/wp-json\/wp\/v2\/product"}],"about":[{"href":"https:\/\/laimincom.ee\/et\/wp-json\/wp\/v2\/types\/product"}],"wp:featuredmedia":[{"embeddable":true,"href":"https:\/\/laimincom.ee\/et\/wp-json\/wp\/v2\/media\/383"}],"wp:attachment":[{"href":"https:\/\/laimincom.ee\/et\/wp-json\/wp\/v2\/media?parent=10330"}],"wp:term":[{"taxonomy":"product_cat","embeddable":true,"href":"https:\/\/laimincom.ee\/et\/wp-json\/wp\/v2\/product_cat?post=10330"},{"taxonomy":"product_tag","embeddable":true,"href":"https:\/\/laimincom.ee\/et\/wp-json\/wp\/v2\/product_tag?post=10330"}],"curies":[{"name":"wp","href":"https:\/\/api.w.org\/{rel}","templated":true}]}}