{"id":10319,"date":"2023-01-25T12:21:52","date_gmt":"2023-01-25T12:21:52","guid":{"rendered":"https:\/\/laimincom.ee\/toode\/led-frame-single-sided-70x100-cm\/"},"modified":"2023-02-17T11:57:06","modified_gmt":"2023-02-17T11:57:06","slug":"led-frame-single-sided-70x100-cm","status":"publish","type":"product","link":"https:\/\/laimincom.ee\/et\/toode\/led-frame-single-sided-70x100-cm\/","title":{"rendered":"LED frame Single Sided, 70\u00d7100 cm"},"content":{"rendered":"<p>0<\/p>","protected":false},"excerpt":{"rendered":"<p>\u00dchepoolne LED-valgusraam h\u00f5bedase anodeeritud  25 mm raamiga. Raam on \u00fcli\u00f5huke, 18 mm s\u00fcgavune ja tugeva alusega, refleksivastase plakati kaitsekilega, sh kahe kinnituskonksuga. Saab kasutada nii vertikaalses kui ka horisontaalses asendis. Komplektis 3,5 m toitekaabel.<\/p>","protected":false},"featured_media":5351,"template":"","meta":{"om_disable_all_campaigns":false,"inline_featured_image":false},"product_cat":[202],"product_tag":[],"class_list":{"0":"post-10319","1":"product","2":"type-product","3":"status-publish","4":"has-post-thumbnail","6":"product_cat-what-has-been-done","7":"pa_paper-size-70x100-cm","10":"first","11":"instock","12":"taxable","13":"shipping-taxable","14":"purchasable","15":"product-type-simple"},"_links":{"self":[{"href":"https:\/\/laimincom.ee\/et\/wp-json\/wp\/v2\/product\/10319","targetHints":{"allow":["GET"]}}],"collection":[{"href":"https:\/\/laimincom.ee\/et\/wp-json\/wp\/v2\/product"}],"about":[{"href":"https:\/\/laimincom.ee\/et\/wp-json\/wp\/v2\/types\/product"}],"wp:featuredmedia":[{"embeddable":true,"href":"https:\/\/laimincom.ee\/et\/wp-json\/wp\/v2\/media\/5351"}],"wp:attachment":[{"href":"https:\/\/laimincom.ee\/et\/wp-json\/wp\/v2\/media?parent=10319"}],"wp:term":[{"taxonomy":"product_cat","embeddable":true,"href":"https:\/\/laimincom.ee\/et\/wp-json\/wp\/v2\/product_cat?post=10319"},{"taxonomy":"product_tag","embeddable":true,"href":"https:\/\/laimincom.ee\/et\/wp-json\/wp\/v2\/product_tag?post=10319"}],"curies":[{"name":"wp","href":"https:\/\/api.w.org\/{rel}","templated":true}]}}