{"id":10315,"date":"2023-01-25T12:21:52","date_gmt":"2023-01-25T12:21:52","guid":{"rendered":"https:\/\/laimincom.ee\/toode\/large-small-clasp-pin-100-mm\/"},"modified":"2024-01-18T09:39:33","modified_gmt":"2024-01-18T09:39:33","slug":"large-small-clasp-pin-100-mm","status":"publish","type":"product","link":"https:\/\/laimincom.ee\/et\/toode\/large-small-clasp-pin-100-mm\/","title":{"rendered":"Suure ja v\u00e4ikse n\u00e4pitsaga sedelihoidik, 100 mm"},"content":{"rendered":"<p>0<\/p>","protected":false},"excerpt":{"rendered":"<p>L\u00e4bipaistev v\u00e4ikese klambriga hoidik \u00f5hukese (kuni 10 mm) tasku v\u00f5i lamineeritud lehe jaoks (\u00fclemise osa vahele) ja suur alumine osa, mis on ideaalne kinnitamiseks toru v\u00f5i stange k\u00fclge, mille l\u00e4bim\u00f5\u00f5t on kuni 32 mm. Koguk\u00f5rgus 115 mm (ilma pikenduseta). Saab muuta kaldenurka ja \u00fchendada pikendusega 50 mm v\u00f5i 100 mm.<\/p>","protected":false},"featured_media":629,"template":"","meta":{"om_disable_all_campaigns":false,"inline_featured_image":false},"product_cat":[55],"product_tag":[],"class_list":{"0":"post-10315","1":"product","2":"type-product","3":"status-publish","4":"has-post-thumbnail","6":"product_cat-large-clasp-pin","7":"pa_extension-100-mm","10":"first","11":"onbackorder","12":"taxable","13":"shipping-taxable","14":"purchasable","15":"product-type-simple"},"_links":{"self":[{"href":"https:\/\/laimincom.ee\/et\/wp-json\/wp\/v2\/product\/10315","targetHints":{"allow":["GET"]}}],"collection":[{"href":"https:\/\/laimincom.ee\/et\/wp-json\/wp\/v2\/product"}],"about":[{"href":"https:\/\/laimincom.ee\/et\/wp-json\/wp\/v2\/types\/product"}],"wp:featuredmedia":[{"embeddable":true,"href":"https:\/\/laimincom.ee\/et\/wp-json\/wp\/v2\/media\/629"}],"wp:attachment":[{"href":"https:\/\/laimincom.ee\/et\/wp-json\/wp\/v2\/media?parent=10315"}],"wp:term":[{"taxonomy":"product_cat","embeddable":true,"href":"https:\/\/laimincom.ee\/et\/wp-json\/wp\/v2\/product_cat?post=10315"},{"taxonomy":"product_tag","embeddable":true,"href":"https:\/\/laimincom.ee\/et\/wp-json\/wp\/v2\/product_tag?post=10315"}],"curies":[{"name":"wp","href":"https:\/\/api.w.org\/{rel}","templated":true}]}}