{"id":10314,"date":"2023-01-25T12:21:52","date_gmt":"2023-01-25T12:21:52","guid":{"rendered":"https:\/\/laimincom.ee\/toode\/large-clasp-pin-with-lh-clip-without\/"},"modified":"2025-05-21T07:47:30","modified_gmt":"2025-05-21T07:47:30","slug":"large-clasp-pin-with-lh-clip-without","status":"publish","type":"product","link":"https:\/\/laimincom.ee\/et\/toode\/large-clasp-pin-with-lh-clip-without\/","title":{"rendered":"Suure n\u00e4pitsaga sedelihoidik klambriga"},"content":{"rendered":"<p>Suur alumine osa on t\u00e4iuslik kinnitamiseks kuni 32 mm l\u00e4bim\u00f5\u00f5duga torule v\u00f5i postile. \u00dclemise osa laius 80 mm, k\u00f5rgus 28 mm, sobib kuni 5 mm esemete jaoks. Saab kallutada soovitud nurga alla ja seda saab kasutada pikendusega 50 mm v\u00f5i 100 mm.<\/p>\n<p>Etiketihoidja suure klambriga, mida kasutatakse mitmesuguste toidukonteinerite (liha, salat ja kala) jaoks.<\/p>","protected":false},"excerpt":{"rendered":"<p>Mitmeotstarbeline suure klambriga sedelihoidik. Koguk\u00f5rgus on 105 mm (ilma pikenduseta).<\/p>","protected":false},"featured_media":614,"template":"","meta":{"om_disable_all_campaigns":false,"inline_featured_image":false},"product_cat":[55],"product_tag":[],"class_list":{"0":"post-10314","1":"product","2":"type-product","3":"status-publish","4":"has-post-thumbnail","6":"product_cat-large-clasp-pin","7":"pa_extension-without","10":"first","11":"instock","12":"taxable","13":"shipping-taxable","14":"purchasable","15":"product-type-simple"},"_links":{"self":[{"href":"https:\/\/laimincom.ee\/et\/wp-json\/wp\/v2\/product\/10314","targetHints":{"allow":["GET"]}}],"collection":[{"href":"https:\/\/laimincom.ee\/et\/wp-json\/wp\/v2\/product"}],"about":[{"href":"https:\/\/laimincom.ee\/et\/wp-json\/wp\/v2\/types\/product"}],"wp:featuredmedia":[{"embeddable":true,"href":"https:\/\/laimincom.ee\/et\/wp-json\/wp\/v2\/media\/614"}],"wp:attachment":[{"href":"https:\/\/laimincom.ee\/et\/wp-json\/wp\/v2\/media?parent=10314"}],"wp:term":[{"taxonomy":"product_cat","embeddable":true,"href":"https:\/\/laimincom.ee\/et\/wp-json\/wp\/v2\/product_cat?post=10314"},{"taxonomy":"product_tag","embeddable":true,"href":"https:\/\/laimincom.ee\/et\/wp-json\/wp\/v2\/product_tag?post=10314"}],"curies":[{"name":"wp","href":"https:\/\/api.w.org\/{rel}","templated":true}]}}