{"id":10305,"date":"2023-01-25T12:21:51","date_gmt":"2023-01-25T12:21:51","guid":{"rendered":"https:\/\/laimincom.ee\/toode\/large-clasp-pin-with-label-holder-without\/"},"modified":"2025-05-21T07:49:25","modified_gmt":"2025-05-21T07:49:25","slug":"large-clasp-pin-with-label-holder-without","status":"publish","type":"product","link":"https:\/\/laimincom.ee\/et\/toode\/large-clasp-pin-with-label-holder-without\/","title":{"rendered":"Suure n\u00e4pitsaga sedelihoidik"},"content":{"rendered":"<p>Suur alumine osa on ideaalne kinnitamiseks kuni 32 mm l\u00e4bim\u00f5\u00f5duga torule v\u00f5i postile.<\/p>\n<p>\u00dclemise osa laius 50 mm, k\u00f5rgus 20 mm, sobib h\u00e4sti 1 mm paberi v\u00f5i tasku jaoks.<\/p>\n<p>Saab kallutada soovitud nurga alla ja kasutada pikendusega 50 mm v\u00f5i 100 mm.<\/p>","protected":false},"excerpt":{"rendered":"<p>Koguk\u00f5rgus 100 mm (ilma pikenduseta).<\/p>","protected":false},"featured_media":621,"template":"","meta":{"om_disable_all_campaigns":false,"inline_featured_image":false},"product_cat":[55],"product_tag":[],"class_list":{"0":"post-10305","1":"product","2":"type-product","3":"status-publish","4":"has-post-thumbnail","6":"product_cat-large-clasp-pin","7":"pa_extension-without","10":"first","11":"instock","12":"taxable","13":"shipping-taxable","14":"purchasable","15":"product-type-simple"},"_links":{"self":[{"href":"https:\/\/laimincom.ee\/et\/wp-json\/wp\/v2\/product\/10305","targetHints":{"allow":["GET"]}}],"collection":[{"href":"https:\/\/laimincom.ee\/et\/wp-json\/wp\/v2\/product"}],"about":[{"href":"https:\/\/laimincom.ee\/et\/wp-json\/wp\/v2\/types\/product"}],"wp:featuredmedia":[{"embeddable":true,"href":"https:\/\/laimincom.ee\/et\/wp-json\/wp\/v2\/media\/621"}],"wp:attachment":[{"href":"https:\/\/laimincom.ee\/et\/wp-json\/wp\/v2\/media?parent=10305"}],"wp:term":[{"taxonomy":"product_cat","embeddable":true,"href":"https:\/\/laimincom.ee\/et\/wp-json\/wp\/v2\/product_cat?post=10305"},{"taxonomy":"product_tag","embeddable":true,"href":"https:\/\/laimincom.ee\/et\/wp-json\/wp\/v2\/product_tag?post=10305"}],"curies":[{"name":"wp","href":"https:\/\/api.w.org\/{rel}","templated":true}]}}