{"id":10301,"date":"2023-01-25T12:21:50","date_gmt":"2023-01-25T12:21:50","guid":{"rendered":"https:\/\/laimincom.ee\/toode\/large-clasp-pin-double-50-mm\/"},"modified":"2024-01-18T09:39:35","modified_gmt":"2024-01-18T09:39:35","slug":"large-clasp-pin-double-50-mm","status":"publish","type":"product","link":"https:\/\/laimincom.ee\/et\/toode\/large-clasp-pin-double-50-mm\/","title":{"rendered":"Suur sedelihoidik kahe n\u00e4pitsaga, 50 mm"},"content":{"rendered":"<p>Sobib toru \u00fcmber ja suuremate etikettide v\u00f5i keskmiste toodete hoidmiseks. Saab muuta kaldenurka, lisada pikenduse 50 mm v\u00f5i 100 mm.<\/p>","protected":false},"excerpt":{"rendered":"<p>L\u00e4bipaistev topeltklamber suure sildihoidjaga, koguk\u00f5rgus 140 mm (ilma pikenduseta). Sobib kuni 32 mm torule.<\/p>","protected":false},"featured_media":623,"template":"","meta":{"om_disable_all_campaigns":false,"inline_featured_image":false},"product_cat":[55],"product_tag":[],"class_list":{"0":"post-10301","1":"product","2":"type-product","3":"status-publish","4":"has-post-thumbnail","6":"product_cat-large-clasp-pin","7":"pa_extension-50-mm","10":"first","11":"onbackorder","12":"taxable","13":"shipping-taxable","14":"purchasable","15":"product-type-simple"},"_links":{"self":[{"href":"https:\/\/laimincom.ee\/et\/wp-json\/wp\/v2\/product\/10301","targetHints":{"allow":["GET"]}}],"collection":[{"href":"https:\/\/laimincom.ee\/et\/wp-json\/wp\/v2\/product"}],"about":[{"href":"https:\/\/laimincom.ee\/et\/wp-json\/wp\/v2\/types\/product"}],"wp:featuredmedia":[{"embeddable":true,"href":"https:\/\/laimincom.ee\/et\/wp-json\/wp\/v2\/media\/623"}],"wp:attachment":[{"href":"https:\/\/laimincom.ee\/et\/wp-json\/wp\/v2\/media?parent=10301"}],"wp:term":[{"taxonomy":"product_cat","embeddable":true,"href":"https:\/\/laimincom.ee\/et\/wp-json\/wp\/v2\/product_cat?post=10301"},{"taxonomy":"product_tag","embeddable":true,"href":"https:\/\/laimincom.ee\/et\/wp-json\/wp\/v2\/product_tag?post=10301"}],"curies":[{"name":"wp","href":"https:\/\/api.w.org\/{rel}","templated":true}]}}