{"id":10299,"date":"2023-01-25T12:21:50","date_gmt":"2023-01-25T12:21:50","guid":{"rendered":"https:\/\/laimincom.ee\/toode\/large-clasp-pin-lh-without-transparent\/"},"modified":"2024-01-18T09:40:45","modified_gmt":"2024-01-18T09:40:45","slug":"large-clasp-pin-lh-without-transparent","status":"publish","type":"product","link":"https:\/\/laimincom.ee\/et\/toode\/large-clasp-pin-lh-without-transparent\/","title":{"rendered":"Suure n\u00e4pitsaga sedelihoidik, FX"},"content":{"rendered":"<p>Suure klambriga etiketihoidik, mida kasutatakse mitmesuguste toidukonteinerite (liha, salat ja kala) jaoks. Suur alumine osa on ideaalne kinnitamiseks kuni 32 mm l\u00e4bim\u00f5\u00f5duga torule v\u00f5i postile.<\/p>","protected":false},"excerpt":{"rendered":"<p>L\u00e4bipaistev sedelihoidik suure klambriga, \u00f5hema tasku v\u00f5i lamineeritud lehe jaoks Koguk\u00f5rgus 92 mm (ilma pikenduseta). \u00dclemise osa laius 50 mm, k\u00f5rgus 18 mm. Saab kaldenurka muuta, pikendusega 50 mm v\u00f5i 100 mm.<\/p>","protected":false},"featured_media":663,"template":"","meta":{"om_disable_all_campaigns":false,"inline_featured_image":false},"product_cat":[55],"product_tag":[],"class_list":{"0":"post-10299","1":"product","2":"type-product","3":"status-publish","4":"has-post-thumbnail","6":"product_cat-large-clasp-pin","7":"pa_extension-without","10":"first","11":"onbackorder","12":"taxable","13":"shipping-taxable","14":"purchasable","15":"product-type-simple"},"_links":{"self":[{"href":"https:\/\/laimincom.ee\/et\/wp-json\/wp\/v2\/product\/10299","targetHints":{"allow":["GET"]}}],"collection":[{"href":"https:\/\/laimincom.ee\/et\/wp-json\/wp\/v2\/product"}],"about":[{"href":"https:\/\/laimincom.ee\/et\/wp-json\/wp\/v2\/types\/product"}],"wp:featuredmedia":[{"embeddable":true,"href":"https:\/\/laimincom.ee\/et\/wp-json\/wp\/v2\/media\/663"}],"wp:attachment":[{"href":"https:\/\/laimincom.ee\/et\/wp-json\/wp\/v2\/media?parent=10299"}],"wp:term":[{"taxonomy":"product_cat","embeddable":true,"href":"https:\/\/laimincom.ee\/et\/wp-json\/wp\/v2\/product_cat?post=10299"},{"taxonomy":"product_tag","embeddable":true,"href":"https:\/\/laimincom.ee\/et\/wp-json\/wp\/v2\/product_tag?post=10299"}],"curies":[{"name":"wp","href":"https:\/\/api.w.org\/{rel}","templated":true}]}}