{"id":10290,"date":"2023-01-25T12:21:49","date_gmt":"2023-01-25T12:21:49","guid":{"rendered":"https:\/\/laimincom.ee\/toode\/label-holder-with-magnet-50-mm\/"},"modified":"2024-01-18T09:40:46","modified_gmt":"2024-01-18T09:40:46","slug":"label-holder-with-magnet-50-mm","status":"publish","type":"product","link":"https:\/\/laimincom.ee\/et\/toode\/label-holder-with-magnet-50-mm\/","title":{"rendered":"Magnetiga sedelihoidik, 50 mm"},"content":{"rendered":"<p>0<\/p>","protected":false},"excerpt":{"rendered":"<p>Alusel on tugev v\u00e4ike magnet, mis v\u00f5imaldab kinnitada k\u00f5ikidele siletatele metallpindadele. \u00dclemise osa laius 27 mm.<\/p>","protected":false},"featured_media":2990,"template":"","meta":{"om_disable_all_campaigns":false,"inline_featured_image":false},"product_cat":[61],"product_tag":[],"class_list":{"0":"post-10290","1":"product","2":"type-product","3":"status-publish","4":"has-post-thumbnail","6":"product_cat-other","7":"pa_extension-50-mm","10":"first","11":"onbackorder","12":"taxable","13":"shipping-taxable","14":"purchasable","15":"product-type-simple"},"_links":{"self":[{"href":"https:\/\/laimincom.ee\/et\/wp-json\/wp\/v2\/product\/10290","targetHints":{"allow":["GET"]}}],"collection":[{"href":"https:\/\/laimincom.ee\/et\/wp-json\/wp\/v2\/product"}],"about":[{"href":"https:\/\/laimincom.ee\/et\/wp-json\/wp\/v2\/types\/product"}],"wp:featuredmedia":[{"embeddable":true,"href":"https:\/\/laimincom.ee\/et\/wp-json\/wp\/v2\/media\/2990"}],"wp:attachment":[{"href":"https:\/\/laimincom.ee\/et\/wp-json\/wp\/v2\/media?parent=10290"}],"wp:term":[{"taxonomy":"product_cat","embeddable":true,"href":"https:\/\/laimincom.ee\/et\/wp-json\/wp\/v2\/product_cat?post=10290"},{"taxonomy":"product_tag","embeddable":true,"href":"https:\/\/laimincom.ee\/et\/wp-json\/wp\/v2\/product_tag?post=10290"}],"curies":[{"name":"wp","href":"https:\/\/api.w.org\/{rel}","templated":true}]}}