{"id":10287,"date":"2023-01-25T12:21:49","date_gmt":"2023-01-25T12:21:49","guid":{"rendered":"https:\/\/laimincom.ee\/toode\/label-holder-for-bakery-35x75-mm\/"},"modified":"2024-01-18T09:40:46","modified_gmt":"2024-01-18T09:40:46","slug":"label-holder-for-bakery-35x75-mm","status":"publish","type":"product","link":"https:\/\/laimincom.ee\/et\/toode\/label-holder-for-bakery-35x75-mm\/","title":{"rendered":"Label holder for bakery, 35&#215;75 mm"},"content":{"rendered":"<p>0<\/p>","protected":false},"excerpt":{"rendered":"<p>\u00dchepoolne L-kujuline infohoidik hindade, eripakkumiste, info kuvamiseks. T\u00e4iendav tugi hoidikul kindlustab selle stabiilsuse. L-kujulisel infoalusel on sisemisel k\u00fcljel tagasikeeratud osa, mille vahele on mugav libistada paberileht. \nMaterjal: PET. \nV\u00e4rvus: l\u00e4bipaistev.\nSaadaval kahes erinevas m\u00f5\u00f5dus.<\/p>","protected":false},"featured_media":850,"template":"","meta":{"om_disable_all_campaigns":false,"inline_featured_image":false},"product_cat":[64],"product_tag":[],"class_list":{"0":"post-10287","1":"product","2":"type-product","3":"status-publish","4":"has-post-thumbnail","6":"product_cat-information-holders","7":"pa_paper-size-35x75-mm","10":"first","11":"onbackorder","12":"taxable","13":"shipping-taxable","14":"purchasable","15":"product-type-simple"},"_links":{"self":[{"href":"https:\/\/laimincom.ee\/et\/wp-json\/wp\/v2\/product\/10287","targetHints":{"allow":["GET"]}}],"collection":[{"href":"https:\/\/laimincom.ee\/et\/wp-json\/wp\/v2\/product"}],"about":[{"href":"https:\/\/laimincom.ee\/et\/wp-json\/wp\/v2\/types\/product"}],"wp:featuredmedia":[{"embeddable":true,"href":"https:\/\/laimincom.ee\/et\/wp-json\/wp\/v2\/media\/850"}],"wp:attachment":[{"href":"https:\/\/laimincom.ee\/et\/wp-json\/wp\/v2\/media?parent=10287"}],"wp:term":[{"taxonomy":"product_cat","embeddable":true,"href":"https:\/\/laimincom.ee\/et\/wp-json\/wp\/v2\/product_cat?post=10287"},{"taxonomy":"product_tag","embeddable":true,"href":"https:\/\/laimincom.ee\/et\/wp-json\/wp\/v2\/product_tag?post=10287"}],"curies":[{"name":"wp","href":"https:\/\/api.w.org\/{rel}","templated":true}]}}