{"id":10284,"date":"2023-01-25T12:21:48","date_gmt":"2023-01-25T12:21:48","guid":{"rendered":"https:\/\/laimincom.ee\/toode\/hand-sanitizer-stand-a4\/"},"modified":"2024-01-18T09:40:46","modified_gmt":"2024-01-18T09:40:46","slug":"hand-sanitizer-stand-a4","status":"publish","type":"product","link":"https:\/\/laimincom.ee\/et\/toode\/hand-sanitizer-stand-a4\/","title":{"rendered":"Hand sanitizer stand, A4"},"content":{"rendered":"<p><strong>Ei sisalda desinfitseerimisvahendit.<\/strong><\/p>","protected":false},"excerpt":{"rendered":"<p>Alumiiniumist k\u00e4tepuhastusjaam raske alusega (3,8 kg). <strong>A4<\/strong> v\u00f5i<strong> A3<\/strong> alumiiniumistraam 25 mm profiili ja peegeldumisvastase kaitsekilega- reguleeritava asendiga - vertikaalne v\u00f5i horisontaalne.<\/p>\n<p>Desinfitseerimisvahend kinnitatakse riiulile kahe v\u00e4ikese takjapaela kinnitusega. Maksimaalne kandev\u00f5ime 2 kg. Suurus: laius 110 mm, k\u00f5rgus 250 mm.<\/p>\n<p>Toote koguk\u00f5rgus 155 cm, laius 35 cm, alus 35 x 35 cm.<\/p>","protected":false},"featured_media":4197,"template":"","meta":{"om_disable_all_campaigns":false,"inline_featured_image":false},"product_cat":[202],"product_tag":[],"class_list":{"0":"post-10284","1":"product","2":"type-product","3":"status-publish","4":"has-post-thumbnail","6":"product_cat-what-has-been-done","7":"pa_paper-size-a4","10":"first","11":"onbackorder","12":"taxable","13":"shipping-taxable","14":"purchasable","15":"product-type-simple"},"_links":{"self":[{"href":"https:\/\/laimincom.ee\/et\/wp-json\/wp\/v2\/product\/10284","targetHints":{"allow":["GET"]}}],"collection":[{"href":"https:\/\/laimincom.ee\/et\/wp-json\/wp\/v2\/product"}],"about":[{"href":"https:\/\/laimincom.ee\/et\/wp-json\/wp\/v2\/types\/product"}],"wp:featuredmedia":[{"embeddable":true,"href":"https:\/\/laimincom.ee\/et\/wp-json\/wp\/v2\/media\/4197"}],"wp:attachment":[{"href":"https:\/\/laimincom.ee\/et\/wp-json\/wp\/v2\/media?parent=10284"}],"wp:term":[{"taxonomy":"product_cat","embeddable":true,"href":"https:\/\/laimincom.ee\/et\/wp-json\/wp\/v2\/product_cat?post=10284"},{"taxonomy":"product_tag","embeddable":true,"href":"https:\/\/laimincom.ee\/et\/wp-json\/wp\/v2\/product_tag?post=10284"}],"curies":[{"name":"wp","href":"https:\/\/api.w.org\/{rel}","templated":true}]}}