{"id":10280,"date":"2023-01-25T12:21:48","date_gmt":"2023-01-25T12:21:48","guid":{"rendered":"https:\/\/laimincom.ee\/toode\/gripper-with-small-clasp-pin-100-mm\/"},"modified":"2024-01-18T09:40:47","modified_gmt":"2024-01-18T09:40:47","slug":"gripper-with-small-clasp-pin-100-mm","status":"publish","type":"product","link":"https:\/\/laimincom.ee\/et\/toode\/gripper-with-small-clasp-pin-100-mm\/","title":{"rendered":"Servakinnitusega v\u00e4ikse n\u00e4pitsaga sedelihoidik, 100 mm"},"content":{"rendered":"<p>Etiketihoidja, mida kasutatakse kinnitamiseks konteineritele, alustassidele v\u00f5i kulinaaria anumetele, paksusega 8-10 mm. Multifunktsionaalset sedelihoidjat saab soovitud nurga alla kallutada.<\/p>\n<p>Saab kasutada pikendusega 50 mm v\u00f5i 100 mm.<\/p>","protected":false},"excerpt":{"rendered":"<p>L\u00e4bipaistev v\u00e4ikese klambriga hoidik \u00f5hema (kuni 10 mm) tasku v\u00f5i lamineeritud lehe jaoks.<\/p>\n<p>Koguk\u00f5rgus 71 mm (ilma pikenduseta).<\/p>","protected":false},"featured_media":1170,"template":"","meta":{"om_disable_all_campaigns":false,"inline_featured_image":false},"product_cat":[59],"product_tag":[],"class_list":{"0":"post-10280","1":"product","2":"type-product","3":"status-publish","4":"has-post-thumbnail","6":"product_cat-gripper","7":"pa_extension-100-mm","10":"first","11":"onbackorder","12":"taxable","13":"shipping-taxable","14":"purchasable","15":"product-type-simple"},"_links":{"self":[{"href":"https:\/\/laimincom.ee\/et\/wp-json\/wp\/v2\/product\/10280","targetHints":{"allow":["GET"]}}],"collection":[{"href":"https:\/\/laimincom.ee\/et\/wp-json\/wp\/v2\/product"}],"about":[{"href":"https:\/\/laimincom.ee\/et\/wp-json\/wp\/v2\/types\/product"}],"wp:featuredmedia":[{"embeddable":true,"href":"https:\/\/laimincom.ee\/et\/wp-json\/wp\/v2\/media\/1170"}],"wp:attachment":[{"href":"https:\/\/laimincom.ee\/et\/wp-json\/wp\/v2\/media?parent=10280"}],"wp:term":[{"taxonomy":"product_cat","embeddable":true,"href":"https:\/\/laimincom.ee\/et\/wp-json\/wp\/v2\/product_cat?post=10280"},{"taxonomy":"product_tag","embeddable":true,"href":"https:\/\/laimincom.ee\/et\/wp-json\/wp\/v2\/product_tag?post=10280"}],"curies":[{"name":"wp","href":"https:\/\/api.w.org\/{rel}","templated":true}]}}