{"id":10266,"date":"2023-01-25T12:21:46","date_gmt":"2023-01-25T12:21:46","guid":{"rendered":"https:\/\/laimincom.ee\/toode\/frameless-wooden-black-chalkboard-60-x-80-cm\/"},"modified":"2024-01-18T09:45:04","modified_gmt":"2024-01-18T09:45:04","slug":"frameless-wooden-black-chalkboard-60-x-80-cm","status":"publish","type":"product","link":"https:\/\/laimincom.ee\/et\/toode\/frameless-wooden-black-chalkboard-60-x-80-cm\/","title":{"rendered":"Puidust tahvel ilma raamita, 60 x 80 cm"},"content":{"rendered":"<p>\u00dcksikasjalik juhend ja kirjeldus <a href=\"https:\/\/laimincom.ee\/wp-content\/uploads\/2023\/01\/TG-254.pdf\">siit<\/a><\/p>","protected":false},"excerpt":{"rendered":"<p>Kahepoolne must tahvel, paigaldatud puitplaadile paksusega 20 mm. Tarnitakse rippkonksude, kruvide ja t\u00fc\u00fcblitega h\u00f5lpsaks paigaldamiseks.<\/p>","protected":false},"featured_media":13368,"template":"","meta":{"om_disable_all_campaigns":false,"inline_featured_image":false},"product_cat":[1383],"product_tag":[],"class_list":{"0":"post-10266","1":"product","2":"type-product","3":"status-publish","4":"has-post-thumbnail","6":"product_cat-blackboards","7":"pa_size-60-x-80-cm","10":"first","11":"onbackorder","12":"taxable","13":"shipping-taxable","14":"purchasable","15":"product-type-simple"},"_links":{"self":[{"href":"https:\/\/laimincom.ee\/et\/wp-json\/wp\/v2\/product\/10266","targetHints":{"allow":["GET"]}}],"collection":[{"href":"https:\/\/laimincom.ee\/et\/wp-json\/wp\/v2\/product"}],"about":[{"href":"https:\/\/laimincom.ee\/et\/wp-json\/wp\/v2\/types\/product"}],"wp:featuredmedia":[{"embeddable":true,"href":"https:\/\/laimincom.ee\/et\/wp-json\/wp\/v2\/media\/13368"}],"wp:attachment":[{"href":"https:\/\/laimincom.ee\/et\/wp-json\/wp\/v2\/media?parent=10266"}],"wp:term":[{"taxonomy":"product_cat","embeddable":true,"href":"https:\/\/laimincom.ee\/et\/wp-json\/wp\/v2\/product_cat?post=10266"},{"taxonomy":"product_tag","embeddable":true,"href":"https:\/\/laimincom.ee\/et\/wp-json\/wp\/v2\/product_tag?post=10266"}],"curies":[{"name":"wp","href":"https:\/\/api.w.org\/{rel}","templated":true}]}}