{"id":10259,"date":"2023-01-25T12:21:46","date_gmt":"2023-01-25T12:21:46","guid":{"rendered":"https:\/\/laimincom.ee\/toode\/frame-with-sharp-corners-a4\/"},"modified":"2024-02-14T12:37:24","modified_gmt":"2024-02-14T12:37:24","slug":"frame-with-sharp-corners-a4","status":"publish","type":"product","link":"https:\/\/laimincom.ee\/et\/toode\/frame-with-sharp-corners-a4\/","title":{"rendered":"Alumiiniumraam tr\u00fckistele A4"},"content":{"rendered":"","protected":false},"excerpt":{"rendered":"<p>Sobib kasutamiseks postritele ja reklaamlehtedele. Komplekti kuuluvad kruvid ja t\u00fc\u00fcblid seinale kinnitamiseks ning mittepeegelduvat kaitsekilet APET. Raamil on teravad nurgad. V\u00e4rv: originaal (alumiinium).<\/p>","protected":false},"featured_media":409,"template":"","meta":{"om_disable_all_campaigns":false,"inline_featured_image":false},"product_cat":[39],"product_tag":[],"class_list":{"0":"post-10259","1":"product","2":"type-product","3":"status-publish","4":"has-post-thumbnail","6":"product_cat-aluminium-frames","7":"pa_paper-size-a4","10":"first","11":"onbackorder","12":"taxable","13":"shipping-taxable","14":"purchasable","15":"product-type-simple"},"_links":{"self":[{"href":"https:\/\/laimincom.ee\/et\/wp-json\/wp\/v2\/product\/10259","targetHints":{"allow":["GET"]}}],"collection":[{"href":"https:\/\/laimincom.ee\/et\/wp-json\/wp\/v2\/product"}],"about":[{"href":"https:\/\/laimincom.ee\/et\/wp-json\/wp\/v2\/types\/product"}],"wp:featuredmedia":[{"embeddable":true,"href":"https:\/\/laimincom.ee\/et\/wp-json\/wp\/v2\/media\/409"}],"wp:attachment":[{"href":"https:\/\/laimincom.ee\/et\/wp-json\/wp\/v2\/media?parent=10259"}],"wp:term":[{"taxonomy":"product_cat","embeddable":true,"href":"https:\/\/laimincom.ee\/et\/wp-json\/wp\/v2\/product_cat?post=10259"},{"taxonomy":"product_tag","embeddable":true,"href":"https:\/\/laimincom.ee\/et\/wp-json\/wp\/v2\/product_tag?post=10259"}],"curies":[{"name":"wp","href":"https:\/\/api.w.org\/{rel}","templated":true}]}}