{"id":10256,"date":"2023-01-25T12:21:45","date_gmt":"2023-01-25T12:21:45","guid":{"rendered":"https:\/\/laimincom.ee\/toode\/frame-with-sharp-corners-a1\/"},"modified":"2024-05-16T11:47:50","modified_gmt":"2024-05-16T11:47:50","slug":"frame-with-sharp-corners-a1","status":"publish","type":"product","link":"https:\/\/laimincom.ee\/et\/toode\/frame-with-sharp-corners-a1\/","title":{"rendered":"Frame with sharp corners, A1, A1"},"content":{"rendered":"<p>Raami \u00e4\u00e4r on 25 mm. Eritellimusena on v\u00f5imalik valmistada ka A0 suurust alumiiniumist raami (raami \u00e4\u00e4re laius 45 mm, miinimum tellimusega 10 tk).<\/p>","protected":false},"excerpt":{"rendered":"<p>Sobib kasutamiseks postritele ja reklaamlehtedele. Komplekti kuuluvad kruvid ja t\u00fc\u00fcblid seinale kinnitamiseks ning mittepeegelduvat kaitsekilet APET. Raamil on teravad nurgad. V\u00e4rv: originaal (alumiinium).<\/p>","protected":false},"featured_media":409,"template":"","meta":{"om_disable_all_campaigns":false,"inline_featured_image":false},"product_cat":[202],"product_tag":[],"class_list":{"0":"post-10256","1":"product","2":"type-product","3":"status-publish","4":"has-post-thumbnail","6":"product_cat-what-has-been-done","7":"pa_paper-size-a1","10":"first","11":"instock","12":"taxable","13":"shipping-taxable","14":"purchasable","15":"product-type-simple"},"_links":{"self":[{"href":"https:\/\/laimincom.ee\/et\/wp-json\/wp\/v2\/product\/10256","targetHints":{"allow":["GET"]}}],"collection":[{"href":"https:\/\/laimincom.ee\/et\/wp-json\/wp\/v2\/product"}],"about":[{"href":"https:\/\/laimincom.ee\/et\/wp-json\/wp\/v2\/types\/product"}],"wp:featuredmedia":[{"embeddable":true,"href":"https:\/\/laimincom.ee\/et\/wp-json\/wp\/v2\/media\/409"}],"wp:attachment":[{"href":"https:\/\/laimincom.ee\/et\/wp-json\/wp\/v2\/media?parent=10256"}],"wp:term":[{"taxonomy":"product_cat","embeddable":true,"href":"https:\/\/laimincom.ee\/et\/wp-json\/wp\/v2\/product_cat?post=10256"},{"taxonomy":"product_tag","embeddable":true,"href":"https:\/\/laimincom.ee\/et\/wp-json\/wp\/v2\/product_tag?post=10256"}],"curies":[{"name":"wp","href":"https:\/\/api.w.org\/{rel}","templated":true}]}}