{"id":10227,"date":"2023-01-25T12:21:41","date_gmt":"2023-01-25T12:21:41","guid":{"rendered":"https:\/\/laimincom.ee\/toode\/expo-info-stand-25mm-alu-a4\/"},"modified":"2024-01-18T09:46:48","modified_gmt":"2024-01-18T09:46:48","slug":"expo-info-stand-25mm-alu-a4","status":"publish","type":"product","link":"https:\/\/laimincom.ee\/et\/toode\/expo-info-stand-25mm-alu-a4\/","title":{"rendered":"EXPO infostend 25mm Alu, A4, A4"},"content":{"rendered":"<p class=\" translation-block\">Saadaval suurused:\n\n<strong>A4 <\/strong> m\u00f5\u00f5dud: 250 x 1000 mm, alus 250 x 330 mm. Tr\u00fckiala: 192 x 279 mm. Kood: 6481.<\/p>\n<p class=\" translation-block\"><strong>A3 <\/strong> m\u00f5\u00f5dud: 330 x 1200  mm, alus 300 x 420 mm. Tr\u00fckiala: 279 x 402 mm. Kood: 6483.<\/p>","protected":false},"excerpt":{"rendered":"<p>Alumiiniumist infoalus koos raske tugijalaga. 25 mm profiilist valmistatud \u00fcmarate nurkadega alumiiniumraam, mis on kergelt avatava klikk s\u00fcsteemiga. Kasutamiseks siseruumis.<\/p>","protected":false},"featured_media":1944,"template":"","meta":{"om_disable_all_campaigns":false,"inline_featured_image":false},"product_cat":[202],"product_tag":[],"class_list":{"0":"post-10227","1":"product","2":"type-product","3":"status-publish","4":"has-post-thumbnail","6":"product_cat-what-has-been-done","7":"pa_paper-size-a4","10":"first","11":"onbackorder","12":"taxable","13":"shipping-taxable","14":"purchasable","15":"product-type-simple"},"_links":{"self":[{"href":"https:\/\/laimincom.ee\/et\/wp-json\/wp\/v2\/product\/10227","targetHints":{"allow":["GET"]}}],"collection":[{"href":"https:\/\/laimincom.ee\/et\/wp-json\/wp\/v2\/product"}],"about":[{"href":"https:\/\/laimincom.ee\/et\/wp-json\/wp\/v2\/types\/product"}],"wp:featuredmedia":[{"embeddable":true,"href":"https:\/\/laimincom.ee\/et\/wp-json\/wp\/v2\/media\/1944"}],"wp:attachment":[{"href":"https:\/\/laimincom.ee\/et\/wp-json\/wp\/v2\/media?parent=10227"}],"wp:term":[{"taxonomy":"product_cat","embeddable":true,"href":"https:\/\/laimincom.ee\/et\/wp-json\/wp\/v2\/product_cat?post=10227"},{"taxonomy":"product_tag","embeddable":true,"href":"https:\/\/laimincom.ee\/et\/wp-json\/wp\/v2\/product_tag?post=10227"}],"curies":[{"name":"wp","href":"https:\/\/api.w.org\/{rel}","templated":true}]}}