{"id":10224,"date":"2023-01-25T12:21:40","date_gmt":"2023-01-25T12:21:40","guid":{"rendered":"https:\/\/laimincom.ee\/toode\/expo-brochure-stand-a4\/"},"modified":"2024-01-18T09:51:09","modified_gmt":"2024-01-18T09:51:09","slug":"expo-brochure-stand-a4","status":"publish","type":"product","link":"https:\/\/laimincom.ee\/et\/toode\/expo-brochure-stand-a4\/","title":{"rendered":"Expo brochure stand, A4, A4"},"content":{"rendered":"<p>Saab tarnida koos bro\u0161\u00fc\u00fcrihoidjaga (kinnitatakse toru k\u00fclge).<\/p>","protected":false},"excerpt":{"rendered":"<p>Raske alusega alumiiniumist bro\u0161\u00fc\u00fcrialus. Sobib h\u00e4sti reklaamlehtede hoiustamiseks kaupluses, m\u00fc\u00fcgisaalis.<\/p>\n<p>A4-formaadis bro\u0161\u00fc\u00fcrihoidja tugevast l\u00f6\u00f6gikindlast pol\u00fckarbonaadist. Saadaval vertikaalne v\u00f5i horisontaalne akr\u00fc\u00fclist voldikute hoidja.<\/p>\n<p>A4 horisontaalne - laius 30,5 cm, k\u00f5rgus 97,2 cm.<\/p>\n<p>A4 vertikaalne - laius 22 cm, k\u00f5rgus 100,2 cm.<\/p>","protected":false},"featured_media":4465,"template":"","meta":{"om_disable_all_campaigns":false,"inline_featured_image":false},"product_cat":[202],"product_tag":[],"class_list":{"0":"post-10224","1":"product","2":"type-product","3":"status-publish","4":"has-post-thumbnail","6":"product_cat-what-has-been-done","7":"pa_paper-size-a4","10":"first","11":"onbackorder","12":"taxable","13":"shipping-taxable","14":"purchasable","15":"product-type-simple"},"_links":{"self":[{"href":"https:\/\/laimincom.ee\/et\/wp-json\/wp\/v2\/product\/10224","targetHints":{"allow":["GET"]}}],"collection":[{"href":"https:\/\/laimincom.ee\/et\/wp-json\/wp\/v2\/product"}],"about":[{"href":"https:\/\/laimincom.ee\/et\/wp-json\/wp\/v2\/types\/product"}],"wp:featuredmedia":[{"embeddable":true,"href":"https:\/\/laimincom.ee\/et\/wp-json\/wp\/v2\/media\/4465"}],"wp:attachment":[{"href":"https:\/\/laimincom.ee\/et\/wp-json\/wp\/v2\/media?parent=10224"}],"wp:term":[{"taxonomy":"product_cat","embeddable":true,"href":"https:\/\/laimincom.ee\/et\/wp-json\/wp\/v2\/product_cat?post=10224"},{"taxonomy":"product_tag","embeddable":true,"href":"https:\/\/laimincom.ee\/et\/wp-json\/wp\/v2\/product_tag?post=10224"}],"curies":[{"name":"wp","href":"https:\/\/api.w.org\/{rel}","templated":true}]}}