{"id":10205,"date":"2023-01-25T12:21:38","date_gmt":"2023-01-25T12:21:38","guid":{"rendered":"https:\/\/laimincom.ee\/toode\/duraframe-a5-silver\/"},"modified":"2024-01-18T09:51:10","modified_gmt":"2024-01-18T09:51:10","slug":"duraframe-a5-silver","status":"publish","type":"product","link":"https:\/\/laimincom.ee\/et\/toode\/duraframe-a5-silver\/","title":{"rendered":"Duraframe, A5, h\u00f5bedane"},"content":{"rendered":"<p>Kasutamiseks tuleb eemaldada kaitsepaber ja kinnitada siledale ja k\u00f5vale pinnale (n\u00e4iteks aknale, klaasseinale, uksele, seinale). Duraframe'i on h\u00f5lbus eemaldada, seejuures ei j\u00e4ta pinnale mingeid kasutusj\u00e4lgi. Duraframe-i on v\u00f5imalik teisaldada \u00fchest kohast teise ning kasutada kahepoolsena nii vertikaalselt kui ka horisontaalselt.<\/p>\n<p>Sobib kasutamiseks sisetingimustes ja siseseinal (otsese p\u00e4ikseta). P\u00e4ikselisel kohal kasuta SUN taskut.<\/p>\n<p>&nbsp;<\/p>","protected":false},"excerpt":{"rendered":"<p style=\"text-align: left\">Iseliimuv PVC infotasku Duraframe, mis hoiab, t\u00e4nu magnetiga esipaneelile, asetatud paberi kindlalt paigal. Paberi vahetamine on mugav ja lihtne.<\/p>","protected":false},"featured_media":3670,"template":"","meta":{"om_disable_all_campaigns":false,"inline_featured_image":false},"product_cat":[64],"product_tag":[],"class_list":{"0":"post-10205","1":"product","2":"type-product","3":"status-publish","4":"has-post-thumbnail","6":"product_cat-information-holders","7":"pa_paper-size-a5","10":"first","11":"onbackorder","12":"taxable","13":"shipping-taxable","14":"purchasable","15":"product-type-simple"},"_links":{"self":[{"href":"https:\/\/laimincom.ee\/et\/wp-json\/wp\/v2\/product\/10205","targetHints":{"allow":["GET"]}}],"collection":[{"href":"https:\/\/laimincom.ee\/et\/wp-json\/wp\/v2\/product"}],"about":[{"href":"https:\/\/laimincom.ee\/et\/wp-json\/wp\/v2\/types\/product"}],"wp:featuredmedia":[{"embeddable":true,"href":"https:\/\/laimincom.ee\/et\/wp-json\/wp\/v2\/media\/3670"}],"wp:attachment":[{"href":"https:\/\/laimincom.ee\/et\/wp-json\/wp\/v2\/media?parent=10205"}],"wp:term":[{"taxonomy":"product_cat","embeddable":true,"href":"https:\/\/laimincom.ee\/et\/wp-json\/wp\/v2\/product_cat?post=10205"},{"taxonomy":"product_tag","embeddable":true,"href":"https:\/\/laimincom.ee\/et\/wp-json\/wp\/v2\/product_tag?post=10205"}],"curies":[{"name":"wp","href":"https:\/\/api.w.org\/{rel}","templated":true}]}}