{"id":10189,"date":"2023-01-25T12:21:36","date_gmt":"2023-01-25T12:21:36","guid":{"rendered":"https:\/\/laimincom.ee\/toode\/double-sided-window-frame-70x100-cm\/"},"modified":"2024-01-18T09:52:22","modified_gmt":"2024-01-18T09:52:22","slug":"double-sided-window-frame-70x100-cm","status":"publish","type":"product","link":"https:\/\/laimincom.ee\/et\/toode\/double-sided-window-frame-70x100-cm\/","title":{"rendered":"Double sided window frame, 70\u00d7100 cm"},"content":{"rendered":"<p>Plakatit on v\u00f5imalik vahetada ainult \u00fchelt poolt.<\/p>","protected":false},"excerpt":{"rendered":"<p>Kahepoolne alumiiniumist reklaamraam klaasile. Profiili laius 32 mm. V\u00f5imaldab plakateid kuvada nii sise-kui ka v\u00e4listingimustes, kleepides raami profiili vaateakna sisek\u00fcljele ja alumiiniumist taguse v\u00e4ljapoole.<\/p>","protected":false},"featured_media":401,"template":"","meta":{"om_disable_all_campaigns":false,"inline_featured_image":false},"product_cat":[202],"product_tag":[],"class_list":{"0":"post-10189","1":"product","2":"type-product","3":"status-publish","4":"has-post-thumbnail","6":"product_cat-what-has-been-done","7":"pa_paper-size-70x100-cm","10":"first","11":"onbackorder","12":"taxable","13":"shipping-taxable","14":"purchasable","15":"product-type-simple"},"_links":{"self":[{"href":"https:\/\/laimincom.ee\/et\/wp-json\/wp\/v2\/product\/10189","targetHints":{"allow":["GET"]}}],"collection":[{"href":"https:\/\/laimincom.ee\/et\/wp-json\/wp\/v2\/product"}],"about":[{"href":"https:\/\/laimincom.ee\/et\/wp-json\/wp\/v2\/types\/product"}],"wp:featuredmedia":[{"embeddable":true,"href":"https:\/\/laimincom.ee\/et\/wp-json\/wp\/v2\/media\/401"}],"wp:attachment":[{"href":"https:\/\/laimincom.ee\/et\/wp-json\/wp\/v2\/media?parent=10189"}],"wp:term":[{"taxonomy":"product_cat","embeddable":true,"href":"https:\/\/laimincom.ee\/et\/wp-json\/wp\/v2\/product_cat?post=10189"},{"taxonomy":"product_tag","embeddable":true,"href":"https:\/\/laimincom.ee\/et\/wp-json\/wp\/v2\/product_tag?post=10189"}],"curies":[{"name":"wp","href":"https:\/\/api.w.org\/{rel}","templated":true}]}}