{"id":10186,"date":"2023-01-25T12:21:35","date_gmt":"2023-01-25T12:21:35","guid":{"rendered":"https:\/\/laimincom.ee\/toode\/deli-stick-label-holder-black\/"},"modified":"2025-01-30T09:58:08","modified_gmt":"2025-01-30T09:58:08","slug":"deli-stick-label-holder-black","status":"publish","type":"product","link":"https:\/\/laimincom.ee\/et\/toode\/deli-stick-label-holder-black\/","title":{"rendered":"DELI torgatav sedelihoidik, must"},"content":{"rendered":"<p>Lihtne muuta sedelihoidiku kaldenurka.<\/p>\n<p>Hoidikusse sobib h\u00e4sti PVC \u00f5huke tahvel, lamineeritud paber.<\/p>","protected":false},"excerpt":{"rendered":"<p>M\u00f5\u00f5dud: kogupikkus 105 mm. V\u00e4rv: l\u00e4bipaistev.<\/p>","protected":false},"featured_media":1192,"template":"","meta":{"om_disable_all_campaigns":false,"inline_featured_image":false},"product_cat":[62],"product_tag":[],"class_list":{"0":"post-10186","1":"product","2":"type-product","3":"status-publish","4":"has-post-thumbnail","6":"product_cat-stick","9":"first","10":"instock","11":"taxable","12":"shipping-taxable","13":"purchasable","14":"product-type-simple"},"_links":{"self":[{"href":"https:\/\/laimincom.ee\/et\/wp-json\/wp\/v2\/product\/10186","targetHints":{"allow":["GET"]}}],"collection":[{"href":"https:\/\/laimincom.ee\/et\/wp-json\/wp\/v2\/product"}],"about":[{"href":"https:\/\/laimincom.ee\/et\/wp-json\/wp\/v2\/types\/product"}],"wp:featuredmedia":[{"embeddable":true,"href":"https:\/\/laimincom.ee\/et\/wp-json\/wp\/v2\/media\/1192"}],"wp:attachment":[{"href":"https:\/\/laimincom.ee\/et\/wp-json\/wp\/v2\/media?parent=10186"}],"wp:term":[{"taxonomy":"product_cat","embeddable":true,"href":"https:\/\/laimincom.ee\/et\/wp-json\/wp\/v2\/product_cat?post=10186"},{"taxonomy":"product_tag","embeddable":true,"href":"https:\/\/laimincom.ee\/et\/wp-json\/wp\/v2\/product_tag?post=10186"}],"curies":[{"name":"wp","href":"https:\/\/api.w.org\/{rel}","templated":true}]}}