{"id":10178,"date":"2023-01-25T12:21:34","date_gmt":"2023-01-25T12:21:34","guid":{"rendered":"https:\/\/laimincom.ee\/toode\/c-shape-pocket-a5h\/"},"modified":"2025-07-31T06:42:13","modified_gmt":"2025-07-31T06:42:13","slug":"c-shape-pocket-a5h","status":"publish","type":"product","link":"https:\/\/laimincom.ee\/et\/toode\/c-shape-pocket-a5h\/","title":{"rendered":"C-kujuline A5 tasku 0,3 mm, matt. Horisontaalne."},"content":{"rendered":"<p>Materjal 0,3 mm PVC, matt.<\/p>\n<p><strong>Eritellimusel valmistatud<\/strong> - - Saame teha ka vastavalt teie m\u00f5\u00f5tmetele. Samuti lisada ka kahepoolne l\u00e4bipaistev teip, vahtteip v\u00f5i magnetteip. Horisontaalse asemel ka vertikaalsed taskud teha.<\/p>\n<p>&nbsp;<\/p>","protected":false},"excerpt":{"rendered":"<p>C-kujuline PVC tasku. Standardsuurus A6 v\u00f5i A5, horisontaalne.<\/p>","protected":false},"featured_media":3975,"template":"","meta":{"om_disable_all_campaigns":false,"inline_featured_image":false},"product_cat":[64],"product_tag":[],"class_list":{"0":"post-10178","1":"product","2":"type-product","3":"status-publish","4":"has-post-thumbnail","6":"product_cat-information-holders","7":"pa_paper-size-a5h","10":"first","11":"instock","12":"taxable","13":"shipping-taxable","14":"purchasable","15":"product-type-simple"},"_links":{"self":[{"href":"https:\/\/laimincom.ee\/et\/wp-json\/wp\/v2\/product\/10178","targetHints":{"allow":["GET"]}}],"collection":[{"href":"https:\/\/laimincom.ee\/et\/wp-json\/wp\/v2\/product"}],"about":[{"href":"https:\/\/laimincom.ee\/et\/wp-json\/wp\/v2\/types\/product"}],"wp:featuredmedia":[{"embeddable":true,"href":"https:\/\/laimincom.ee\/et\/wp-json\/wp\/v2\/media\/3975"}],"wp:attachment":[{"href":"https:\/\/laimincom.ee\/et\/wp-json\/wp\/v2\/media?parent=10178"}],"wp:term":[{"taxonomy":"product_cat","embeddable":true,"href":"https:\/\/laimincom.ee\/et\/wp-json\/wp\/v2\/product_cat?post=10178"},{"taxonomy":"product_tag","embeddable":true,"href":"https:\/\/laimincom.ee\/et\/wp-json\/wp\/v2\/product_tag?post=10178"}],"curies":[{"name":"wp","href":"https:\/\/api.w.org\/{rel}","templated":true}]}}