{"id":10175,"date":"2023-01-25T12:21:34","date_gmt":"2023-01-25T12:21:34","guid":{"rendered":"https:\/\/laimincom.ee\/toode\/counter-stand-ss-100-mm\/"},"modified":"2024-01-18T09:52:23","modified_gmt":"2024-01-18T09:52:23","slug":"counter-stand-ss-100-mm","status":"publish","type":"product","link":"https:\/\/laimincom.ee\/et\/toode\/counter-stand-ss-100-mm\/","title":{"rendered":"Letialus SS, 100 mm"},"content":{"rendered":"<p>0<\/p>","protected":false},"excerpt":{"rendered":"<p>Materjal:\u00a0<span id=\"result_box\" class=\"short_text\" lang=\"en\"><span class=\"hps\">roostevaba teras<\/span><\/span>.<\/p>\n<p>Laius 30 mm, k\u00f5rgused 100, 150 v\u00f5i 200 mm. Sobib taskule 55 mm. Sobib h\u00e4sti kulinaarialetti toote info ja hinna edastamiseks. Ei sisalda PVC-taskut.<\/p>","protected":false},"featured_media":1630,"template":"","meta":{"om_disable_all_campaigns":false,"inline_featured_image":false},"product_cat":[158],"product_tag":[],"class_list":{"0":"post-10175","1":"product","2":"type-product","3":"status-publish","4":"has-post-thumbnail","6":"product_cat-information-holders-metal-products","7":"pa_height-100-mm","10":"first","11":"onbackorder","12":"taxable","13":"shipping-taxable","14":"purchasable","15":"product-type-simple"},"_links":{"self":[{"href":"https:\/\/laimincom.ee\/et\/wp-json\/wp\/v2\/product\/10175","targetHints":{"allow":["GET"]}}],"collection":[{"href":"https:\/\/laimincom.ee\/et\/wp-json\/wp\/v2\/product"}],"about":[{"href":"https:\/\/laimincom.ee\/et\/wp-json\/wp\/v2\/types\/product"}],"wp:featuredmedia":[{"embeddable":true,"href":"https:\/\/laimincom.ee\/et\/wp-json\/wp\/v2\/media\/1630"}],"wp:attachment":[{"href":"https:\/\/laimincom.ee\/et\/wp-json\/wp\/v2\/media?parent=10175"}],"wp:term":[{"taxonomy":"product_cat","embeddable":true,"href":"https:\/\/laimincom.ee\/et\/wp-json\/wp\/v2\/product_cat?post=10175"},{"taxonomy":"product_tag","embeddable":true,"href":"https:\/\/laimincom.ee\/et\/wp-json\/wp\/v2\/product_tag?post=10175"}],"curies":[{"name":"wp","href":"https:\/\/api.w.org\/{rel}","templated":true}]}}