{"id":10174,"date":"2023-01-25T12:21:34","date_gmt":"2023-01-25T12:21:34","guid":{"rendered":"https:\/\/laimincom.ee\/toode\/counter-slide-in-frame-a4h\/"},"modified":"2024-01-18T09:52:23","modified_gmt":"2024-01-18T09:52:23","slug":"counter-slide-in-frame-a4h","status":"publish","type":"product","link":"https:\/\/laimincom.ee\/et\/toode\/counter-slide-in-frame-a4h\/","title":{"rendered":"Alumiiniumraam toega, A4 horisontaalne. Kahepoolne."},"content":{"rendered":"<p>Need raamid on suurep\u00e4rased, reklaami v\u00f5i teabe kuvamiseks, restoranidele, koolidele, koosolekuruumidele, tanklatesse, \u00fcldkasutatavatele aladele ja kontoritele. Sobivad k\u00f5igile sektoritele, kus liiklus on avalikesse ruumidesse avatud.<\/p>\n<p>Miinimumkogus 5 tk.<\/p>","protected":false},"excerpt":{"rendered":"<p>Kvaliteetsed alumiiniumraamid mahutavad tr\u00fckitud paberit ja on saadaval formaadis A4 ja A3.<\/p>\n<p>Sobilik v\u00e4litingimustesse, kaasas kaks PET-kaitsekilet.<\/p>\n<p>Kahepoolne, tr\u00fckis sisestatakse k\u00fcljelt, selleks tuleb eemaldada tihend.<\/p>\n<p>Kinnitamiseks lauale \/alusele -  jalusel on kaks kahepoolset tugevat teipi, vajadusel on v\u00f5imalik ka kinnitada kahe kruviga (ei kuulu komplekti).<\/p>","protected":false},"featured_media":3956,"template":"","meta":{"om_disable_all_campaigns":false,"inline_featured_image":false},"product_cat":[39,158],"product_tag":[],"class_list":{"0":"post-10174","1":"product","2":"type-product","3":"status-publish","4":"has-post-thumbnail","6":"product_cat-aluminium-frames","7":"product_cat-information-holders-metal-products","8":"pa_paper-size-a4h","11":"first","12":"onbackorder","13":"taxable","14":"shipping-taxable","15":"purchasable","16":"product-type-simple"},"_links":{"self":[{"href":"https:\/\/laimincom.ee\/et\/wp-json\/wp\/v2\/product\/10174","targetHints":{"allow":["GET"]}}],"collection":[{"href":"https:\/\/laimincom.ee\/et\/wp-json\/wp\/v2\/product"}],"about":[{"href":"https:\/\/laimincom.ee\/et\/wp-json\/wp\/v2\/types\/product"}],"wp:featuredmedia":[{"embeddable":true,"href":"https:\/\/laimincom.ee\/et\/wp-json\/wp\/v2\/media\/3956"}],"wp:attachment":[{"href":"https:\/\/laimincom.ee\/et\/wp-json\/wp\/v2\/media?parent=10174"}],"wp:term":[{"taxonomy":"product_cat","embeddable":true,"href":"https:\/\/laimincom.ee\/et\/wp-json\/wp\/v2\/product_cat?post=10174"},{"taxonomy":"product_tag","embeddable":true,"href":"https:\/\/laimincom.ee\/et\/wp-json\/wp\/v2\/product_tag?post=10174"}],"curies":[{"name":"wp","href":"https:\/\/api.w.org\/{rel}","templated":true}]}}