{"id":10170,"date":"2023-01-25T12:21:33","date_gmt":"2023-01-25T12:21:33","guid":{"rendered":"https:\/\/laimincom.ee\/toode\/cable-lock-rf-6\/"},"modified":"2024-04-22T11:14:51","modified_gmt":"2024-04-22T11:14:51","slug":"cable-lock-rf-6","status":"publish","type":"product","link":"https:\/\/laimincom.ee\/et\/toode\/cable-lock-rf-6\/","title":{"rendered":"Kaabel lukk, 6&#8243;, RF, 2-Alarm"},"content":{"rendered":"<p>Turvaline: ei saa avada magnetiga, avatav vaid InVue v\u00f5tmega. Disain: tagasihoidliku ja neutraalse kujundusega turvaseade. Lihtne: kiire ja lihtne paigaldada, koheselt aktiveeritav. Mitmek\u00fclgne: sobiv erinevatele toodetele. Kaks pikkust 15.24 v\u00f5i 121.92 cm. Teraskaabel lisaturvalisuse suurendamiseks. 95 dB alarm. IR-3 v\u00f5tmega avatav. Vilkuv punane LED-tuli, mis hoiatab vargaid.<\/p>","protected":false},"excerpt":{"rendered":"<p>InVue kaablikinnitus on ainuke turul, mida ei ole v\u00f5imalik avada magnetiga.<\/p>\n<p>Mitmek\u00fclgne: sobiv erinevatele toodetele. Kaks pikkust:<strong> 15.24 v\u00f5i 121.92 cm.\u00a0<\/strong><\/p>\n<p><strong>Palun t\u00e4psustage, millised turvav\u00e4ravad teil on, AM v\u00f5i RF.\u00a0<\/strong><\/p>\n<p>Lisateave (eng),<span style=\"color: #00ccff;\"> <a style=\"color: #00ccff;\" href=\"https:\/\/invue.com\/wp-content\/uploads\/2018\/06\/Package-Protection-for-Soft-Goods-Merchandise-Cable-Lock-062818.pdf\" target=\"_blank\" rel=\"noopener noreferrer\"><strong>siin!<\/strong><\/a><\/span><\/p>","protected":false},"featured_media":3267,"template":"","meta":{"om_disable_all_campaigns":false,"inline_featured_image":false},"product_cat":[675],"product_tag":[],"class_list":{"0":"post-10170","1":"product","2":"type-product","3":"status-publish","4":"has-post-thumbnail","6":"product_cat-ir-cable-lock","7":"pa_frequency-rf","8":"pa_lenght-217","11":"first","12":"instock","13":"taxable","14":"shipping-taxable","15":"purchasable","16":"product-type-simple"},"_links":{"self":[{"href":"https:\/\/laimincom.ee\/et\/wp-json\/wp\/v2\/product\/10170","targetHints":{"allow":["GET"]}}],"collection":[{"href":"https:\/\/laimincom.ee\/et\/wp-json\/wp\/v2\/product"}],"about":[{"href":"https:\/\/laimincom.ee\/et\/wp-json\/wp\/v2\/types\/product"}],"wp:featuredmedia":[{"embeddable":true,"href":"https:\/\/laimincom.ee\/et\/wp-json\/wp\/v2\/media\/3267"}],"wp:attachment":[{"href":"https:\/\/laimincom.ee\/et\/wp-json\/wp\/v2\/media?parent=10170"}],"wp:term":[{"taxonomy":"product_cat","embeddable":true,"href":"https:\/\/laimincom.ee\/et\/wp-json\/wp\/v2\/product_cat?post=10170"},{"taxonomy":"product_tag","embeddable":true,"href":"https:\/\/laimincom.ee\/et\/wp-json\/wp\/v2\/product_tag?post=10170"}],"curies":[{"name":"wp","href":"https:\/\/api.w.org\/{rel}","templated":true}]}}