{"id":10163,"date":"2023-01-25T12:21:32","date_gmt":"2023-01-25T12:21:32","guid":{"rendered":"https:\/\/laimincom.ee\/toode\/buc-with-locked-t-holder-transparent\/"},"modified":"2024-02-27T09:33:07","modified_gmt":"2024-02-27T09:33:07","slug":"buc-with-locked-t-holder-transparent","status":"publish","type":"product","link":"https:\/\/laimincom.ee\/et\/toode\/buc-with-locked-t-holder-transparent\/","title":{"rendered":"Suur universaalne n\u00e4pits ja klambriga T-kujuline raamikinnitus"},"content":{"rendered":"<p>M\u00f5\u00f5dud: pikkus 140 mm, T-hoidiku laius 55 mm.<\/p>\n<p>Torule \u00f835 mm.<\/p>","protected":false},"excerpt":{"rendered":"<p>Soovitav kasutada koos A6, A5 ja A4 raamiga. Lukustusega T-hoidik muudab raami kinnituse lihtsamaks, samuti raami eemaldamise hoidikust. L\u00e4bipaistev kinnitus stendidele, korvidele, kastidele jne.<\/p>","protected":false},"featured_media":580,"template":"","meta":{"om_disable_all_campaigns":false,"inline_featured_image":false},"product_cat":[40,113],"product_tag":[],"class_list":{"0":"post-10163","1":"product","2":"type-product","3":"status-publish","4":"has-post-thumbnail","6":"product_cat-plastic-showcard-frames","7":"product_cat-clamps","10":"first","11":"onbackorder","12":"taxable","13":"shipping-taxable","14":"purchasable","15":"product-type-simple"},"_links":{"self":[{"href":"https:\/\/laimincom.ee\/et\/wp-json\/wp\/v2\/product\/10163","targetHints":{"allow":["GET"]}}],"collection":[{"href":"https:\/\/laimincom.ee\/et\/wp-json\/wp\/v2\/product"}],"about":[{"href":"https:\/\/laimincom.ee\/et\/wp-json\/wp\/v2\/types\/product"}],"wp:featuredmedia":[{"embeddable":true,"href":"https:\/\/laimincom.ee\/et\/wp-json\/wp\/v2\/media\/580"}],"wp:attachment":[{"href":"https:\/\/laimincom.ee\/et\/wp-json\/wp\/v2\/media?parent=10163"}],"wp:term":[{"taxonomy":"product_cat","embeddable":true,"href":"https:\/\/laimincom.ee\/et\/wp-json\/wp\/v2\/product_cat?post=10163"},{"taxonomy":"product_tag","embeddable":true,"href":"https:\/\/laimincom.ee\/et\/wp-json\/wp\/v2\/product_tag?post=10163"}],"curies":[{"name":"wp","href":"https:\/\/api.w.org\/{rel}","templated":true}]}}