{"id":10161,"date":"2023-01-25T12:21:32","date_gmt":"2023-01-25T12:21:32","guid":{"rendered":"https:\/\/laimincom.ee\/toode\/buc-with-label-holder-without\/"},"modified":"2024-01-18T09:53:36","modified_gmt":"2024-01-18T09:53:36","slug":"buc-with-label-holder-without","status":"publish","type":"product","link":"https:\/\/laimincom.ee\/et\/toode\/buc-with-label-holder-without\/","title":{"rendered":"Suur universaalne n\u00e4pits ja sedelihoidik"},"content":{"rendered":"<p>Stabiilne l\u00e4bipaistev suur universaalne klamber sildihoidjaga, sobib aluste, korvide, erinevate kastide jms jaoks. V\u00f5ib kallutada soovitud nurga alla ja seda saab kasutada pikendusega 50 mm v\u00f5i 100 mm.<\/p>","protected":false},"excerpt":{"rendered":"<p>Suur universaalne klamber kuni \u00d8 33 mm torule. \u00dcldk\u00f5rgus 125 mm. \u00dclemise osa laius 50 mm, k\u00f5rgus 20 mm, mis sobib 1 mm paberi v\u00f5i tasku jaoks.<\/p>","protected":false},"featured_media":670,"template":"","meta":{"om_disable_all_campaigns":false,"inline_featured_image":false},"product_cat":[56],"product_tag":[],"class_list":{"0":"post-10161","1":"product","2":"type-product","3":"status-publish","4":"has-post-thumbnail","6":"product_cat-big-universal-clamp","7":"pa_extension-without","10":"first","11":"onbackorder","12":"taxable","13":"shipping-taxable","14":"purchasable","15":"product-type-simple"},"_links":{"self":[{"href":"https:\/\/laimincom.ee\/et\/wp-json\/wp\/v2\/product\/10161","targetHints":{"allow":["GET"]}}],"collection":[{"href":"https:\/\/laimincom.ee\/et\/wp-json\/wp\/v2\/product"}],"about":[{"href":"https:\/\/laimincom.ee\/et\/wp-json\/wp\/v2\/types\/product"}],"wp:featuredmedia":[{"embeddable":true,"href":"https:\/\/laimincom.ee\/et\/wp-json\/wp\/v2\/media\/670"}],"wp:attachment":[{"href":"https:\/\/laimincom.ee\/et\/wp-json\/wp\/v2\/media?parent=10161"}],"wp:term":[{"taxonomy":"product_cat","embeddable":true,"href":"https:\/\/laimincom.ee\/et\/wp-json\/wp\/v2\/product_cat?post=10161"},{"taxonomy":"product_tag","embeddable":true,"href":"https:\/\/laimincom.ee\/et\/wp-json\/wp\/v2\/product_tag?post=10161"}],"curies":[{"name":"wp","href":"https:\/\/api.w.org\/{rel}","templated":true}]}}