{"id":10153,"date":"2023-01-25T12:21:31","date_gmt":"2023-01-25T12:21:31","guid":{"rendered":"https:\/\/laimincom.ee\/toode\/bottle-label-holder-100-mm\/"},"modified":"2024-01-18T09:53:37","modified_gmt":"2024-01-18T09:53:37","slug":"bottle-label-holder-100-mm","status":"publish","type":"product","link":"https:\/\/laimincom.ee\/et\/toode\/bottle-label-holder-100-mm\/","title":{"rendered":"Sedelihoidik pudeli kinnitusega, 100 mm"},"content":{"rendered":"<p>Pudelile \u00d8 20 - 40 mm.<\/p>\n<p>\u00dclemise osa laius 50 mm, k\u00f5rgus 20 mm, sobib h\u00e4sti 1 mm paberi v\u00f5i tasku jaoks.<\/p>\n<p>Saab kallutada soovitud nurga alla ja kasutada pikendusega 50 mm v\u00f5i 100 mm.<\/p>","protected":false},"excerpt":{"rendered":"<p>Koguk\u00f5rgus 90 mm (ilma pikenduseta).<\/p>","protected":false},"featured_media":1133,"template":"","meta":{"om_disable_all_campaigns":false,"inline_featured_image":false},"product_cat":[60],"product_tag":[],"class_list":{"0":"post-10153","1":"product","2":"type-product","3":"status-publish","4":"has-post-thumbnail","6":"product_cat-for-bottle","7":"pa_extension-100-mm","10":"first","11":"onbackorder","12":"taxable","13":"shipping-taxable","14":"purchasable","15":"product-type-simple"},"_links":{"self":[{"href":"https:\/\/laimincom.ee\/et\/wp-json\/wp\/v2\/product\/10153","targetHints":{"allow":["GET"]}}],"collection":[{"href":"https:\/\/laimincom.ee\/et\/wp-json\/wp\/v2\/product"}],"about":[{"href":"https:\/\/laimincom.ee\/et\/wp-json\/wp\/v2\/types\/product"}],"wp:featuredmedia":[{"embeddable":true,"href":"https:\/\/laimincom.ee\/et\/wp-json\/wp\/v2\/media\/1133"}],"wp:attachment":[{"href":"https:\/\/laimincom.ee\/et\/wp-json\/wp\/v2\/media?parent=10153"}],"wp:term":[{"taxonomy":"product_cat","embeddable":true,"href":"https:\/\/laimincom.ee\/et\/wp-json\/wp\/v2\/product_cat?post=10153"},{"taxonomy":"product_tag","embeddable":true,"href":"https:\/\/laimincom.ee\/et\/wp-json\/wp\/v2\/product_tag?post=10153"}],"curies":[{"name":"wp","href":"https:\/\/api.w.org\/{rel}","templated":true}]}}