{"id":10152,"date":"2023-01-25T12:21:31","date_gmt":"2023-01-25T12:21:31","guid":{"rendered":"https:\/\/laimincom.ee\/toode\/bottle-label-holder-with-small-clasp-pin-without\/"},"modified":"2024-01-18T09:53:37","modified_gmt":"2024-01-18T09:53:37","slug":"bottle-label-holder-with-small-clasp-pin-without","status":"publish","type":"product","link":"https:\/\/laimincom.ee\/et\/toode\/bottle-label-holder-with-small-clasp-pin-without\/","title":{"rendered":"V\u00e4ikse n\u00e4pitsaga sedelihoidik pudeli kinnitusega"},"content":{"rendered":"<p>Pudelile \u00d8 20 - 40 mm.<\/p>\n<p>L\u00e4bipaistev v\u00e4ikese klambriga hoidik \u00f5hema (kuni 10 mm) tasku v\u00f5i lamineeritud lehe jaoks (\u00fclemise osa vahele).<\/p>\n<p>Saab kallutada soovitud nurga alla ja kasutada pikendusega 50 mm v\u00f5i 100 mm.<\/p>","protected":false},"excerpt":{"rendered":"<p>Koguk\u00f5rgus 106 mm (ilma pikenduseta).<\/p>","protected":false},"featured_media":1149,"template":"","meta":{"om_disable_all_campaigns":false,"inline_featured_image":false},"product_cat":[60],"product_tag":[],"class_list":{"0":"post-10152","1":"product","2":"type-product","3":"status-publish","4":"has-post-thumbnail","6":"product_cat-for-bottle","7":"pa_extension-without","10":"first","11":"onbackorder","12":"taxable","13":"shipping-taxable","14":"purchasable","15":"product-type-simple"},"_links":{"self":[{"href":"https:\/\/laimincom.ee\/et\/wp-json\/wp\/v2\/product\/10152","targetHints":{"allow":["GET"]}}],"collection":[{"href":"https:\/\/laimincom.ee\/et\/wp-json\/wp\/v2\/product"}],"about":[{"href":"https:\/\/laimincom.ee\/et\/wp-json\/wp\/v2\/types\/product"}],"wp:featuredmedia":[{"embeddable":true,"href":"https:\/\/laimincom.ee\/et\/wp-json\/wp\/v2\/media\/1149"}],"wp:attachment":[{"href":"https:\/\/laimincom.ee\/et\/wp-json\/wp\/v2\/media?parent=10152"}],"wp:term":[{"taxonomy":"product_cat","embeddable":true,"href":"https:\/\/laimincom.ee\/et\/wp-json\/wp\/v2\/product_cat?post=10152"},{"taxonomy":"product_tag","embeddable":true,"href":"https:\/\/laimincom.ee\/et\/wp-json\/wp\/v2\/product_tag?post=10152"}],"curies":[{"name":"wp","href":"https:\/\/api.w.org\/{rel}","templated":true}]}}