{"id":10147,"date":"2023-01-25T12:21:30","date_gmt":"2023-01-25T12:21:30","guid":{"rendered":"https:\/\/laimincom.ee\/toode\/bottle-label-holder-with-large-clasp-pin-100-mm\/"},"modified":"2024-01-18T09:56:25","modified_gmt":"2024-01-18T09:56:25","slug":"bottle-label-holder-with-large-clasp-pin-100-mm","status":"publish","type":"product","link":"https:\/\/laimincom.ee\/et\/toode\/bottle-label-holder-with-large-clasp-pin-100-mm\/","title":{"rendered":"Suure n\u00e4pitsaga sedelihoidik pudeli kinnitusega, 100 mm"},"content":{"rendered":"<p>Pudelile \u00d8 20 - 40 mm.<\/p>\n<p>Suur \u00fclemine osa on ideaalne kinnitamiseks kuni 32 mm l\u00e4bim\u00f5\u00f5duga torule v\u00f5i postile.<\/p>\n<p>Saab kallutada soovitud nurga alla ja kasutada pikendusega 50 mm v\u00f5i 100 mm.<\/p>","protected":false},"excerpt":{"rendered":"<p>Koguk\u00f5rgus 128 mm (ilma pikenduseta).<\/p>","protected":false},"featured_media":1142,"template":"","meta":{"om_disable_all_campaigns":false,"inline_featured_image":false},"product_cat":[60],"product_tag":[],"class_list":{"0":"post-10147","1":"product","2":"type-product","3":"status-publish","4":"has-post-thumbnail","6":"product_cat-for-bottle","7":"pa_extension-100-mm","10":"first","11":"onbackorder","12":"taxable","13":"shipping-taxable","14":"purchasable","15":"product-type-simple"},"_links":{"self":[{"href":"https:\/\/laimincom.ee\/et\/wp-json\/wp\/v2\/product\/10147","targetHints":{"allow":["GET"]}}],"collection":[{"href":"https:\/\/laimincom.ee\/et\/wp-json\/wp\/v2\/product"}],"about":[{"href":"https:\/\/laimincom.ee\/et\/wp-json\/wp\/v2\/types\/product"}],"wp:featuredmedia":[{"embeddable":true,"href":"https:\/\/laimincom.ee\/et\/wp-json\/wp\/v2\/media\/1142"}],"wp:attachment":[{"href":"https:\/\/laimincom.ee\/et\/wp-json\/wp\/v2\/media?parent=10147"}],"wp:term":[{"taxonomy":"product_cat","embeddable":true,"href":"https:\/\/laimincom.ee\/et\/wp-json\/wp\/v2\/product_cat?post=10147"},{"taxonomy":"product_tag","embeddable":true,"href":"https:\/\/laimincom.ee\/et\/wp-json\/wp\/v2\/product_tag?post=10147"}],"curies":[{"name":"wp","href":"https:\/\/api.w.org\/{rel}","templated":true}]}}