{"id":10146,"date":"2023-01-25T12:21:30","date_gmt":"2023-01-25T12:21:30","guid":{"rendered":"https:\/\/laimincom.ee\/toode\/book-stand-a6\/"},"modified":"2025-05-21T10:20:12","modified_gmt":"2025-05-21T10:20:12","slug":"book-stand-a6","status":"publish","type":"product","link":"https:\/\/laimincom.ee\/et\/toode\/book-stand-a6\/","title":{"rendered":"Raamatutugi, A6"},"content":{"rendered":"<p>V\u00f5imalik valmistada ka kahe astmega alus.<\/p>","protected":false},"excerpt":{"rendered":"<p>Akr\u00fc\u00fclist infolehtede alus sobib h\u00e4sti raamatu toestamiseks, samuti ka reklaami ja infomaterjalide n\u00e4htaval hoidmiseks. Sobib ka h\u00e4sti n\u00e4iteks v\u00e4ikeste k\u00e4ekottide, rahakottide toestamiseks ja eksponeerimiseks laual. \n\nSuurused: A4, A5, A6.<\/p>","protected":false},"featured_media":1587,"template":"","meta":{"om_disable_all_campaigns":false,"inline_featured_image":false},"product_cat":[69,72],"product_tag":[],"class_list":{"0":"post-10146","1":"product","2":"type-product","3":"status-publish","4":"has-post-thumbnail","6":"product_cat-information-holders-acrylic-products","7":"product_cat-for-tabel","8":"pa_paper-size-a6","11":"first","12":"onbackorder","13":"taxable","14":"shipping-taxable","15":"purchasable","16":"product-type-simple"},"_links":{"self":[{"href":"https:\/\/laimincom.ee\/et\/wp-json\/wp\/v2\/product\/10146","targetHints":{"allow":["GET"]}}],"collection":[{"href":"https:\/\/laimincom.ee\/et\/wp-json\/wp\/v2\/product"}],"about":[{"href":"https:\/\/laimincom.ee\/et\/wp-json\/wp\/v2\/types\/product"}],"wp:featuredmedia":[{"embeddable":true,"href":"https:\/\/laimincom.ee\/et\/wp-json\/wp\/v2\/media\/1587"}],"wp:attachment":[{"href":"https:\/\/laimincom.ee\/et\/wp-json\/wp\/v2\/media?parent=10146"}],"wp:term":[{"taxonomy":"product_cat","embeddable":true,"href":"https:\/\/laimincom.ee\/et\/wp-json\/wp\/v2\/product_cat?post=10146"},{"taxonomy":"product_tag","embeddable":true,"href":"https:\/\/laimincom.ee\/et\/wp-json\/wp\/v2\/product_tag?post=10146"}],"curies":[{"name":"wp","href":"https:\/\/api.w.org\/{rel}","templated":true}]}}