{"id":10138,"date":"2023-01-25T12:21:29","date_gmt":"2023-01-25T12:21:29","guid":{"rendered":"https:\/\/laimincom.ee\/toode\/block-menuholder-a3\/"},"modified":"2024-01-18T09:56:26","modified_gmt":"2024-01-18T09:56:26","slug":"block-menuholder-a3","status":"publish","type":"product","link":"https:\/\/laimincom.ee\/et\/toode\/block-menuholder-a3\/","title":{"rendered":"Magnetitega men\u00fc\u00fchoidja, akr\u00fc\u00fclist, A3"},"content":{"rendered":"<p>Toodetud 10\/20 mm l\u00e4bipaistvast akr\u00fc\u00fclist ja h\u00f5lpsasti paigutatav laudadele, t\u00f6\u00f6laudadele, aknaraamidele jne.<\/p>","protected":false},"excerpt":{"rendered":"<p>Magnetiga men\u00fc\u00fchoidik, mis sobib kasutamiseks kahepoolse tr\u00fckise jaoks.<\/p>","protected":false},"featured_media":1491,"template":"","meta":{"om_disable_all_campaigns":false,"inline_featured_image":false},"product_cat":[1260],"product_tag":[],"class_list":{"0":"post-10138","1":"product","2":"type-product","3":"status-publish","4":"has-post-thumbnail","6":"product_cat-block-menuholder","7":"pa_paper-size-a3","10":"first","11":"onbackorder","12":"taxable","13":"shipping-taxable","14":"purchasable","15":"product-type-simple"},"_links":{"self":[{"href":"https:\/\/laimincom.ee\/et\/wp-json\/wp\/v2\/product\/10138","targetHints":{"allow":["GET"]}}],"collection":[{"href":"https:\/\/laimincom.ee\/et\/wp-json\/wp\/v2\/product"}],"about":[{"href":"https:\/\/laimincom.ee\/et\/wp-json\/wp\/v2\/types\/product"}],"wp:featuredmedia":[{"embeddable":true,"href":"https:\/\/laimincom.ee\/et\/wp-json\/wp\/v2\/media\/1491"}],"wp:attachment":[{"href":"https:\/\/laimincom.ee\/et\/wp-json\/wp\/v2\/media?parent=10138"}],"wp:term":[{"taxonomy":"product_cat","embeddable":true,"href":"https:\/\/laimincom.ee\/et\/wp-json\/wp\/v2\/product_cat?post=10138"},{"taxonomy":"product_tag","embeddable":true,"href":"https:\/\/laimincom.ee\/et\/wp-json\/wp\/v2\/product_tag?post=10138"}],"curies":[{"name":"wp","href":"https:\/\/api.w.org\/{rel}","templated":true}]}}