{"id":10137,"date":"2023-01-25T12:21:29","date_gmt":"2023-01-25T12:21:29","guid":{"rendered":"https:\/\/laimincom.ee\/toode\/battery-waste-dispenser-15\/"},"modified":"2024-01-18T09:56:26","modified_gmt":"2024-01-18T09:56:26","slug":"battery-waste-dispenser-15","status":"publish","type":"product","link":"https:\/\/laimincom.ee\/et\/toode\/battery-waste-dispenser-15\/","title":{"rendered":"Battery Waste Dispenser,1"},"content":{"rendered":"<p>Komplekt sisaldab lisaks seinakinnitust, kruve ja t\u00fc\u00fcbleid.<\/p>","protected":false},"excerpt":{"rendered":"<p>Kasutatakse patareide ohutuks ladustamiseks. V\u00f5imalik kinnitada p\u00f5randa kui ka seina k\u00fclge. Kiire ja lihtne t\u00fchjendamine kaasasoleva eriv\u00f5tmega.<\/p>","protected":false},"featured_media":1691,"template":"","meta":{"om_disable_all_campaigns":false,"inline_featured_image":false},"product_cat":[202],"product_tag":[],"class_list":{"0":"post-10137","1":"product","2":"type-product","3":"status-publish","4":"has-post-thumbnail","6":"product_cat-what-has-been-done","7":"pa_capacity-332","8":"pa_capacity-333","11":"first","12":"onbackorder","13":"taxable","14":"shipping-taxable","15":"purchasable","16":"product-type-simple"},"_links":{"self":[{"href":"https:\/\/laimincom.ee\/et\/wp-json\/wp\/v2\/product\/10137","targetHints":{"allow":["GET"]}}],"collection":[{"href":"https:\/\/laimincom.ee\/et\/wp-json\/wp\/v2\/product"}],"about":[{"href":"https:\/\/laimincom.ee\/et\/wp-json\/wp\/v2\/types\/product"}],"wp:featuredmedia":[{"embeddable":true,"href":"https:\/\/laimincom.ee\/et\/wp-json\/wp\/v2\/media\/1691"}],"wp:attachment":[{"href":"https:\/\/laimincom.ee\/et\/wp-json\/wp\/v2\/media?parent=10137"}],"wp:term":[{"taxonomy":"product_cat","embeddable":true,"href":"https:\/\/laimincom.ee\/et\/wp-json\/wp\/v2\/product_cat?post=10137"},{"taxonomy":"product_tag","embeddable":true,"href":"https:\/\/laimincom.ee\/et\/wp-json\/wp\/v2\/product_tag?post=10137"}],"curies":[{"name":"wp","href":"https:\/\/api.w.org\/{rel}","templated":true}]}}