{"id":10114,"date":"2023-01-25T12:21:27","date_gmt":"2023-01-25T12:21:27","guid":{"rendered":"https:\/\/laimincom.ee\/?post_type=product&#038;p=10114"},"modified":"2025-07-11T11:39:46","modified_gmt":"2025-07-11T11:39:46","slug":"plastic-long-base-grey","status":"publish","type":"product","link":"https:\/\/laimincom.ee\/et\/toode\/plastic-long-base-grey\/","title":{"rendered":"Piklik tugijalg plastikraamile, Hall"},"content":{"rendered":"<p>Sobib metallist pikendatavale torule (\u00d812 mm.).<\/p>\n<p>Parim, kui seda kasutatakse koos A6, A5 v\u00f5i A4 raamidega. Suuremate raamide korral on soovitatav kasutada metallist alust.<\/p>","protected":false},"excerpt":{"rendered":"<p>Plastikust tugijalg teleskoopvarrele, sobib p\u00f5randale v\u00f5i alusele asetamiseks. Plastikust tugijala suurus 220 \u00d7 120 mm. Vali sobiv v\u00e4rv.<\/p>","protected":false},"featured_media":524,"template":"","meta":{"om_disable_all_campaigns":false,"inline_featured_image":false},"product_cat":[117],"product_tag":[],"class_list":{"0":"post-10114","1":"product","2":"type-product","3":"status-publish","4":"has-post-thumbnail","6":"product_cat-bases","9":"first","10":"instock","11":"taxable","12":"shipping-taxable","13":"purchasable","14":"product-type-simple"},"_links":{"self":[{"href":"https:\/\/laimincom.ee\/et\/wp-json\/wp\/v2\/product\/10114","targetHints":{"allow":["GET"]}}],"collection":[{"href":"https:\/\/laimincom.ee\/et\/wp-json\/wp\/v2\/product"}],"about":[{"href":"https:\/\/laimincom.ee\/et\/wp-json\/wp\/v2\/types\/product"}],"wp:featuredmedia":[{"embeddable":true,"href":"https:\/\/laimincom.ee\/et\/wp-json\/wp\/v2\/media\/524"}],"wp:attachment":[{"href":"https:\/\/laimincom.ee\/et\/wp-json\/wp\/v2\/media?parent=10114"}],"wp:term":[{"taxonomy":"product_cat","embeddable":true,"href":"https:\/\/laimincom.ee\/et\/wp-json\/wp\/v2\/product_cat?post=10114"},{"taxonomy":"product_tag","embeddable":true,"href":"https:\/\/laimincom.ee\/et\/wp-json\/wp\/v2\/product_tag?post=10114"}],"curies":[{"name":"wp","href":"https:\/\/api.w.org\/{rel}","templated":true}]}}