{"id":10107,"date":"2023-01-25T12:21:26","date_gmt":"2023-01-25T12:21:26","guid":{"rendered":"https:\/\/laimincom.ee\/toode\/aluminum-extendable-tube-580-1010-mm\/"},"modified":"2026-03-06T07:47:34","modified_gmt":"2026-03-06T07:47:34","slug":"aluminum-extendable-tube-580-1010-mm","status":"publish","type":"product","link":"https:\/\/laimincom.ee\/et\/toode\/aluminum-extendable-tube-580-1010-mm\/","title":{"rendered":"Tugijala pikendatav vars kinnitusklambriga 580-1010 mm"},"content":{"rendered":"<p>Toru v\u00e4rv: metalne. Raamikinnitus on T-kujuline.<\/p>","protected":false},"excerpt":{"rendered":"<p>Pikendatav teleskoopvars, mida saab reguleerida soovitud m\u00f5\u00f5tu. Standard pikkused 330-510 mm, 580-1010 mm, 830-1510 mm v\u00f5i 1200-2000 mm.\nToru \u00fclemine diameeter 8 mm ja alumine 12 mm.<\/p>","protected":false},"featured_media":544,"template":"","meta":{"om_disable_all_campaigns":false,"inline_featured_image":false},"product_cat":[40,116],"product_tag":[],"class_list":{"0":"post-10107","1":"product","2":"type-product","3":"status-publish","4":"has-post-thumbnail","6":"product_cat-plastic-showcard-frames","7":"product_cat-tubes","8":"pa_lenght-580-1010-mm","11":"first","12":"instock","13":"taxable","14":"shipping-taxable","15":"purchasable","16":"product-type-simple"},"_links":{"self":[{"href":"https:\/\/laimincom.ee\/et\/wp-json\/wp\/v2\/product\/10107","targetHints":{"allow":["GET"]}}],"collection":[{"href":"https:\/\/laimincom.ee\/et\/wp-json\/wp\/v2\/product"}],"about":[{"href":"https:\/\/laimincom.ee\/et\/wp-json\/wp\/v2\/types\/product"}],"wp:featuredmedia":[{"embeddable":true,"href":"https:\/\/laimincom.ee\/et\/wp-json\/wp\/v2\/media\/544"}],"wp:attachment":[{"href":"https:\/\/laimincom.ee\/et\/wp-json\/wp\/v2\/media?parent=10107"}],"wp:term":[{"taxonomy":"product_cat","embeddable":true,"href":"https:\/\/laimincom.ee\/et\/wp-json\/wp\/v2\/product_cat?post=10107"},{"taxonomy":"product_tag","embeddable":true,"href":"https:\/\/laimincom.ee\/et\/wp-json\/wp\/v2\/product_tag?post=10107"}],"curies":[{"name":"wp","href":"https:\/\/api.w.org\/{rel}","templated":true}]}}