{"id":10102,"date":"2023-01-25T12:21:25","date_gmt":"2023-01-25T12:21:25","guid":{"rendered":"https:\/\/laimincom.ee\/toode\/alu-line-pavementboard-32mm-a0-alu\/"},"modified":"2024-01-18T10:01:08","modified_gmt":"2024-01-18T10:01:08","slug":"alu-line-pavementboard-32mm-a0-alu","status":"publish","type":"product","link":"https:\/\/laimincom.ee\/et\/toode\/alu-line-pavementboard-32mm-a0-alu\/","title":{"rendered":"ALU-LINE A-reklaamraam t\u00e4navale, 32mm, A0, Alu"},"content":{"rendered":"<p>Mittekorrodeeruv. Peegeldusvastased APET kaitsekiled on komplektis. \nLisaks: traadist hoidja, PVC-vahtplastist p\u00e4is (54 x 22 cm) nt logo jaoks, on valikulised.<\/p>","protected":false},"excerpt":{"rendered":"<p>Toodetud 32 mm alumiiniumist raamiga, monteeritud nurkadega, tsingitud terasest tagak\u00fclgedega. Ristk\u00fclikukujulised 15 x 30 mm  m\u00f5\u00f5dus jalad.<\/p>","protected":false},"featured_media":1711,"template":"","meta":{"om_disable_all_campaigns":false,"inline_featured_image":false},"product_cat":[1378],"product_tag":[],"class_list":{"0":"post-10102","1":"product","2":"type-product","3":"status-publish","4":"has-post-thumbnail","6":"product_cat-alu-line-standard-street-sign-a-boards","7":"pa_paper-size-a0","10":"first","11":"onbackorder","12":"taxable","13":"shipping-taxable","14":"purchasable","15":"product-type-simple"},"_links":{"self":[{"href":"https:\/\/laimincom.ee\/et\/wp-json\/wp\/v2\/product\/10102","targetHints":{"allow":["GET"]}}],"collection":[{"href":"https:\/\/laimincom.ee\/et\/wp-json\/wp\/v2\/product"}],"about":[{"href":"https:\/\/laimincom.ee\/et\/wp-json\/wp\/v2\/types\/product"}],"wp:featuredmedia":[{"embeddable":true,"href":"https:\/\/laimincom.ee\/et\/wp-json\/wp\/v2\/media\/1711"}],"wp:attachment":[{"href":"https:\/\/laimincom.ee\/et\/wp-json\/wp\/v2\/media?parent=10102"}],"wp:term":[{"taxonomy":"product_cat","embeddable":true,"href":"https:\/\/laimincom.ee\/et\/wp-json\/wp\/v2\/product_cat?post=10102"},{"taxonomy":"product_tag","embeddable":true,"href":"https:\/\/laimincom.ee\/et\/wp-json\/wp\/v2\/product_tag?post=10102"}],"curies":[{"name":"wp","href":"https:\/\/api.w.org\/{rel}","templated":true}]}}