{"id":10088,"date":"2023-01-25T12:21:24","date_gmt":"2023-01-25T12:21:24","guid":{"rendered":"https:\/\/laimincom.ee\/toode\/acrylic-menuholder-with-wooden-frame-light\/"},"modified":"2024-01-18T10:03:09","modified_gmt":"2024-01-18T10:03:09","slug":"acrylic-menuholder-with-wooden-frame-light","status":"publish","type":"product","link":"https:\/\/laimincom.ee\/et\/toode\/acrylic-menuholder-with-wooden-frame-light\/","title":{"rendered":"Akr\u00fc\u00fclist men\u00fc\u00fchoidja puitraamiga, Hele"},"content":{"rendered":"<p>Hoidik hoiab stabiilselt paigal. Paberit on lihtne vahetada.<\/p>","protected":false},"excerpt":{"rendered":"<p>Nutikas kahepoolse men\u00fc\u00fchoidja, mis on valmistatud p\u00f6\u00f6gipuust - valige heledate v\u00f5i tumedate peitside vahel. Komplekti kuulub kahepoolne akr\u00fc\u00fclist A4 tasku.<\/p>","protected":false},"featured_media":1497,"template":"","meta":{"om_disable_all_campaigns":false,"inline_featured_image":false},"product_cat":[202],"product_tag":[],"class_list":{"0":"post-10088","1":"product","2":"type-product","3":"status-publish","4":"has-post-thumbnail","6":"product_cat-what-has-been-done","9":"first","10":"onbackorder","11":"taxable","12":"shipping-taxable","13":"purchasable","14":"product-type-simple"},"_links":{"self":[{"href":"https:\/\/laimincom.ee\/et\/wp-json\/wp\/v2\/product\/10088","targetHints":{"allow":["GET"]}}],"collection":[{"href":"https:\/\/laimincom.ee\/et\/wp-json\/wp\/v2\/product"}],"about":[{"href":"https:\/\/laimincom.ee\/et\/wp-json\/wp\/v2\/types\/product"}],"wp:featuredmedia":[{"embeddable":true,"href":"https:\/\/laimincom.ee\/et\/wp-json\/wp\/v2\/media\/1497"}],"wp:attachment":[{"href":"https:\/\/laimincom.ee\/et\/wp-json\/wp\/v2\/media?parent=10088"}],"wp:term":[{"taxonomy":"product_cat","embeddable":true,"href":"https:\/\/laimincom.ee\/et\/wp-json\/wp\/v2\/product_cat?post=10088"},{"taxonomy":"product_tag","embeddable":true,"href":"https:\/\/laimincom.ee\/et\/wp-json\/wp\/v2\/product_tag?post=10088"}],"curies":[{"name":"wp","href":"https:\/\/api.w.org\/{rel}","templated":true}]}}