{"id":10082,"date":"2023-01-25T12:21:23","date_gmt":"2023-01-25T12:21:23","guid":{"rendered":"https:\/\/laimincom.ee\/toode\/acrylic-menu-stand-a4\/"},"modified":"2024-04-09T10:46:08","modified_gmt":"2024-04-09T10:46:08","slug":"acrylic-menu-stand-a4","status":"publish","type":"product","link":"https:\/\/laimincom.ee\/et\/toode\/acrylic-menu-stand-a4\/","title":{"rendered":"T-kujuline infoalus, A4"},"content":{"rendered":"<p>0<\/p>","protected":false},"excerpt":{"rendered":"<p>Infoalus info esitamiseks kahelt poolt. Infoalus on valmistatud l\u00e4bipaistvast akr\u00fc\u00fclist, \u00fches t\u00fckis. Nii infoalus kui ka selle jalg on painutatud selliselt, et hoiab reklaamlehte liikumatult ning ei lase v\u00e4lja kukkuda.\n\nStandardsuurused: A3, A4, A5, A6.<\/p>","protected":false},"featured_media":1475,"template":"","meta":{"om_disable_all_campaigns":false,"inline_featured_image":false},"product_cat":[69],"product_tag":[],"class_list":{"0":"post-10082","1":"product","2":"type-product","3":"status-publish","4":"has-post-thumbnail","6":"product_cat-information-holders-acrylic-products","7":"pa_paper-size-a4","10":"first","11":"instock","12":"taxable","13":"shipping-taxable","14":"purchasable","15":"product-type-simple"},"_links":{"self":[{"href":"https:\/\/laimincom.ee\/et\/wp-json\/wp\/v2\/product\/10082","targetHints":{"allow":["GET"]}}],"collection":[{"href":"https:\/\/laimincom.ee\/et\/wp-json\/wp\/v2\/product"}],"about":[{"href":"https:\/\/laimincom.ee\/et\/wp-json\/wp\/v2\/types\/product"}],"wp:featuredmedia":[{"embeddable":true,"href":"https:\/\/laimincom.ee\/et\/wp-json\/wp\/v2\/media\/1475"}],"wp:attachment":[{"href":"https:\/\/laimincom.ee\/et\/wp-json\/wp\/v2\/media?parent=10082"}],"wp:term":[{"taxonomy":"product_cat","embeddable":true,"href":"https:\/\/laimincom.ee\/et\/wp-json\/wp\/v2\/product_cat?post=10082"},{"taxonomy":"product_tag","embeddable":true,"href":"https:\/\/laimincom.ee\/et\/wp-json\/wp\/v2\/product_tag?post=10082"}],"curies":[{"name":"wp","href":"https:\/\/api.w.org\/{rel}","templated":true}]}}