{"id":10078,"date":"2023-01-25T12:21:22","date_gmt":"2023-01-25T12:21:22","guid":{"rendered":"https:\/\/laimincom.ee\/toode\/acrylic-l-shape-information-stand-a6h\/"},"modified":"2025-07-11T11:54:46","modified_gmt":"2025-07-11T11:54:46","slug":"acrylic-l-shape-information-stand-a6h","status":"publish","type":"product","link":"https:\/\/laimincom.ee\/et\/toode\/acrylic-l-shape-information-stand-a6h\/","title":{"rendered":"L-kujuline infoalus, horisontaalne, A6H"},"content":{"rendered":"<p>Samuti saab toota vastavalt kliendi m\u00f5\u00f5tmetele.<\/p>","protected":false},"excerpt":{"rendered":"<p>Infoalus on valmistatud l\u00e4bipaistvast akr\u00fc\u00fclist. Nii infoalus kui ka selle jalg on painutatud selliselt, et hoiab reklaamlehte liikumatult ning ei lase v\u00e4lja kukkuda.\n\nStandardsuurused: A3, A4, A5, A6 ja A7.\n\nSobib asetamiseks ka horisontaalselt - ideaalne lahendus, kui soovitakse kuvada informatsiooni madalalt (n\u00e4iteks riiulilt, vaateaknalt) v\u00f5i madalalt laua pealt (n\u00e4iteks toote k\u00f5rvalt).<\/p>","protected":false},"featured_media":1461,"template":"","meta":{"om_disable_all_campaigns":false,"inline_featured_image":false},"product_cat":[69],"product_tag":[],"class_list":{"0":"post-10078","1":"product","2":"type-product","3":"status-publish","4":"has-post-thumbnail","6":"product_cat-information-holders-acrylic-products","7":"pa_paper-size-a6h","10":"first","11":"onbackorder","12":"taxable","13":"shipping-taxable","14":"purchasable","15":"product-type-simple"},"_links":{"self":[{"href":"https:\/\/laimincom.ee\/et\/wp-json\/wp\/v2\/product\/10078","targetHints":{"allow":["GET"]}}],"collection":[{"href":"https:\/\/laimincom.ee\/et\/wp-json\/wp\/v2\/product"}],"about":[{"href":"https:\/\/laimincom.ee\/et\/wp-json\/wp\/v2\/types\/product"}],"wp:featuredmedia":[{"embeddable":true,"href":"https:\/\/laimincom.ee\/et\/wp-json\/wp\/v2\/media\/1461"}],"wp:attachment":[{"href":"https:\/\/laimincom.ee\/et\/wp-json\/wp\/v2\/media?parent=10078"}],"wp:term":[{"taxonomy":"product_cat","embeddable":true,"href":"https:\/\/laimincom.ee\/et\/wp-json\/wp\/v2\/product_cat?post=10078"},{"taxonomy":"product_tag","embeddable":true,"href":"https:\/\/laimincom.ee\/et\/wp-json\/wp\/v2\/product_tag?post=10078"}],"curies":[{"name":"wp","href":"https:\/\/api.w.org\/{rel}","templated":true}]}}