{"id":10072,"date":"2023-01-25T12:21:22","date_gmt":"2023-01-25T12:21:22","guid":{"rendered":"https:\/\/laimincom.ee\/toode\/access-manager-lite\/"},"modified":"2023-02-02T14:46:07","modified_gmt":"2023-02-02T14:46:07","slug":"access-manager-lite","status":"publish","type":"product","link":"https:\/\/laimincom.ee\/et\/toode\/access-manager-lite\/","title":{"rendered":"Juurdep\u00e4\u00e4su haldur"},"content":{"rendered":"<p>Pilvep\u00f5hine juurdep\u00e4\u00e4sus\u00fcsteem, muutes seostatud tegevuse h\u00f5lpsaks tuvastamiseks igal ajal ja igal pool. Kasutades intuitiivset kasutajaliidest, v\u00f5imaldatakse \u00fcksikutele kaast\u00f6\u00f6tajatele juurdep\u00e4\u00e4s kogu kauplusele, osakonnale v\u00f5i individuaalsele InVue-seadmele.<\/p>\n<p><span style=\"color: #f2be1f;\"><strong>Juurdep\u00e4\u00e4suhaldur gi<span style=\"color: #f2be1f;\">annab teile n\u00e4htavuse nendes jaem\u00fc\u00fcgipiirkondades:<\/span><\/strong><\/span><\/p>\n<ul class=\"romantext\">\n<li>T\u00f6\u00f6tajate aruandlus<\/li>\n<li>Kaupluse aruandlus<\/li>\n<li>Kauplemine ja tootepaigutus<\/li>\n<li>Hooajaliste t\u00f6\u00f6liste haldamine<\/li>\n<\/ul>\n<ul class=\"romantext\">\n<li>Sidus tootlikkus<\/li>\n<li>Kliendi ooteajad<\/li>\n<li>Kaupluse aktiivsus<\/li>\n<li>Hooajaline ja reklaamide m\u00f5ju<\/li>\n<li>M\u00fc\u00fcgialased teadmised<\/li>\n<li>Vargus (sisemine ja v\u00e4line)<\/li>\n<li>\u00dchendage m\u00fc\u00fck ja laoseis otsese tegevusega<\/li>\n<\/ul>\n<p>Access Manager tarkvara pakutakse kahes unikaalses plaanivalikus:<\/p>\n<p><span style=\"color: #f2be1f;\"><strong>Access Manager Pro \u2013<\/strong> <\/span>on vastupidav tarkvara, mis seob \u00fcksikute kasutajate tuvastamise kaupluses (-tes) toimuvaga. See annab parema n\u00e4htavuse ja juurdep\u00e4\u00e4su kontrolli m\u00fc\u00fcgisaalile. Kasutajaid saab rollide funktsiooni abil kiiresti lisada ja nende \u00f5igusi muuta. Tsoonimisfunktsioon loob kaupluse ja \u00fcksikute osakondade lubade ja kontrolli piirkonnad. Piiramatu arvu kasutajaid.<\/p>\n<p><span style=\"color: #f2be1f;\"><strong>Access Manager Lite \u2013 <\/strong><\/span>on v\u00e4hendatud versioon, mis annab \u00fclevaate InVue toodete kasutamisest. See v\u00f5imaldab kasutajal (maksimaalselt 2 kasutajal) vaadata seadme ja p\u00f5hitegevusi kauplustes.<\/p>\n<p><iframe title=\"InVue Access Manageri ettev\u00f5tte \u00fclevaade\" width=\"640\" height=\"360\" src=\"https:\/\/www.youtube.com\/embed\/Tp1-_Z1-iBE?feature=oembed\" frameborder=\"0\" allow=\"accelerometer; autoplay; clipboard-write; encrypted-media; gyroscope; picture-in-picture; web-share\" referrerpolicy=\"strict-origin-when-cross-origin\" allowfullscreen><\/iframe><\/p>","protected":false},"excerpt":{"rendered":"<p>Tarkvara Access Manager (juurdep\u00e4\u00e4suhaldur) aitab jaem\u00fc\u00fcjate kasumit suurendada, v\u00e4hendades vargusi ja suurendades m\u00fc\u00fcki, lubades jaem\u00fc\u00fcjatel enesekindlalt v\u00f5tit iga kaast\u00f6\u00f6taja k\u00e4tte.<\/p>\n<p>Access Manager t\u00f6\u00f6tab k\u00f5igi InVue-seadmetega k\u00f5igis turvalahendustes.<\/p>\n<p><strong>Kuidas saab Access Manager teid aidata?<\/strong> T\u00e4itke vorm ja meie meeskonna liige v\u00f5tab teie vajaduste arutamiseks \u00fchendust.<\/p>\n<p>Lisateave (eng), <a href=\"https:\/\/invue.com\/wp-content\/uploads\/2020\/03\/access_mgr_ss_092619.pdf\" target=\"_blank\" rel=\"noopener noreferrer\"><strong><span style=\"font-size: 12pt;\"><span style=\"color: #f2be1f;\">siin!<\/span><\/span><\/strong><\/a><\/p>","protected":false},"featured_media":3383,"template":"","meta":{"om_disable_all_campaigns":false,"inline_featured_image":false},"product_cat":[202],"product_tag":[],"class_list":{"0":"post-10072","1":"product","2":"type-product","3":"status-publish","4":"has-post-thumbnail","6":"product_cat-what-has-been-done","7":"pa_version-lite","10":"first","11":"instock","12":"taxable","13":"shipping-taxable","14":"purchasable","15":"product-type-simple"},"_links":{"self":[{"href":"https:\/\/laimincom.ee\/et\/wp-json\/wp\/v2\/product\/10072","targetHints":{"allow":["GET"]}}],"collection":[{"href":"https:\/\/laimincom.ee\/et\/wp-json\/wp\/v2\/product"}],"about":[{"href":"https:\/\/laimincom.ee\/et\/wp-json\/wp\/v2\/types\/product"}],"wp:featuredmedia":[{"embeddable":true,"href":"https:\/\/laimincom.ee\/et\/wp-json\/wp\/v2\/media\/3383"}],"wp:attachment":[{"href":"https:\/\/laimincom.ee\/et\/wp-json\/wp\/v2\/media?parent=10072"}],"wp:term":[{"taxonomy":"product_cat","embeddable":true,"href":"https:\/\/laimincom.ee\/et\/wp-json\/wp\/v2\/product_cat?post=10072"},{"taxonomy":"product_tag","embeddable":true,"href":"https:\/\/laimincom.ee\/et\/wp-json\/wp\/v2\/product_tag?post=10072"}],"curies":[{"name":"wp","href":"https:\/\/api.w.org\/{rel}","templated":true}]}}