{"id":10069,"date":"2023-01-25T12:21:22","date_gmt":"2023-01-25T12:21:22","guid":{"rendered":"https:\/\/laimincom.ee\/toode\/buc-with-large-clasp-100-mm\/"},"modified":"2024-01-18T10:06:14","modified_gmt":"2024-01-18T10:06:14","slug":"buc-with-large-clasp-100-mm","status":"publish","type":"product","link":"https:\/\/laimincom.ee\/et\/toode\/buc-with-large-clasp-100-mm\/","title":{"rendered":"Suur universaalne n\u00e4pits ja suur n\u00e4pitsaga sedelihoidik"},"content":{"rendered":"<p>Stabiilne l\u00e4bipaistev suur universaalne klamber sildihoidjaga, sobib aluste, korvide, erinevate kastide jms jaoks. V\u00f5ib kallutada soovitud nurga alla ja seda saab kasutada pikendusega 50 mm v\u00f5i 100 mm.<\/p>","protected":false},"excerpt":{"rendered":"<p>Suur universaalne klamber kuni \u00d8 33 mm torule. \u00dcldk\u00f5rgus 165 mm. Suur \u00fclemine osa on ideaalne kinnitamiseks kuni 32 mm l\u00e4bim\u00f5\u00f5duga torule v\u00f5i postile.<\/p>","protected":false},"featured_media":685,"template":"","meta":{"om_disable_all_campaigns":false,"inline_featured_image":false},"product_cat":[56],"product_tag":[],"class_list":{"0":"post-10069","1":"product","2":"type-product","3":"status-publish","4":"has-post-thumbnail","6":"product_cat-big-universal-clamp","7":"pa_extension-100-mm","10":"first","11":"onbackorder","12":"taxable","13":"shipping-taxable","14":"purchasable","15":"product-type-simple"},"_links":{"self":[{"href":"https:\/\/laimincom.ee\/et\/wp-json\/wp\/v2\/product\/10069","targetHints":{"allow":["GET"]}}],"collection":[{"href":"https:\/\/laimincom.ee\/et\/wp-json\/wp\/v2\/product"}],"about":[{"href":"https:\/\/laimincom.ee\/et\/wp-json\/wp\/v2\/types\/product"}],"wp:featuredmedia":[{"embeddable":true,"href":"https:\/\/laimincom.ee\/et\/wp-json\/wp\/v2\/media\/685"}],"wp:attachment":[{"href":"https:\/\/laimincom.ee\/et\/wp-json\/wp\/v2\/media?parent=10069"}],"wp:term":[{"taxonomy":"product_cat","embeddable":true,"href":"https:\/\/laimincom.ee\/et\/wp-json\/wp\/v2\/product_cat?post=10069"},{"taxonomy":"product_tag","embeddable":true,"href":"https:\/\/laimincom.ee\/et\/wp-json\/wp\/v2\/product_tag?post=10069"}],"curies":[{"name":"wp","href":"https:\/\/api.w.org\/{rel}","templated":true}]}}