{"id":10067,"date":"2023-01-25T12:21:21","date_gmt":"2023-01-25T12:21:21","guid":{"rendered":"https:\/\/laimincom.ee\/toode\/long-base-with-small-clasp-pin-50-mm\/"},"modified":"2024-01-18T10:06:14","modified_gmt":"2024-01-18T10:06:14","slug":"long-base-with-small-clasp-pin-50-mm","status":"publish","type":"product","link":"https:\/\/laimincom.ee\/et\/toode\/long-base-with-small-clasp-pin-50-mm\/","title":{"rendered":"Piklikul alusel v\u00e4ikse n\u00e4pitsaga sedelihoidik, 50 mm"},"content":{"rendered":"<p>L\u00e4bipaistev v\u00e4ikese klambriga hoidik \u00f5hema (kuni 10 mm) tasku v\u00f5i lamineeritud lehe jaoks (\u00fclemise osa vahele).<\/p>\n<p>Saab kasutada pikendusega 50 mm v\u00f5i 100 mm.<\/p>","protected":false},"excerpt":{"rendered":"<p>Pika alusega etiketihoidja. Koguk\u00f5rgus 47 mm (ilma pikenduseta).<\/p>\n<p>Aluse suurus: pikkus 74 mm, laius 39 mm.<\/p>","protected":false},"featured_media":1087,"template":"","meta":{"om_disable_all_campaigns":false,"inline_featured_image":false},"product_cat":[58],"product_tag":[],"class_list":{"0":"post-10067","1":"product","2":"type-product","3":"status-publish","4":"has-post-thumbnail","6":"product_cat-long-base","7":"pa_extension-50-mm","10":"first","11":"onbackorder","12":"taxable","13":"shipping-taxable","14":"purchasable","15":"product-type-simple"},"_links":{"self":[{"href":"https:\/\/laimincom.ee\/et\/wp-json\/wp\/v2\/product\/10067","targetHints":{"allow":["GET"]}}],"collection":[{"href":"https:\/\/laimincom.ee\/et\/wp-json\/wp\/v2\/product"}],"about":[{"href":"https:\/\/laimincom.ee\/et\/wp-json\/wp\/v2\/types\/product"}],"wp:featuredmedia":[{"embeddable":true,"href":"https:\/\/laimincom.ee\/et\/wp-json\/wp\/v2\/media\/1087"}],"wp:attachment":[{"href":"https:\/\/laimincom.ee\/et\/wp-json\/wp\/v2\/media?parent=10067"}],"wp:term":[{"taxonomy":"product_cat","embeddable":true,"href":"https:\/\/laimincom.ee\/et\/wp-json\/wp\/v2\/product_cat?post=10067"},{"taxonomy":"product_tag","embeddable":true,"href":"https:\/\/laimincom.ee\/et\/wp-json\/wp\/v2\/product_tag?post=10067"}],"curies":[{"name":"wp","href":"https:\/\/api.w.org\/{rel}","templated":true}]}}